{"id":8359,"date":"2025-04-21T14:17:09","date_gmt":"2025-04-21T14:17:09","guid":{"rendered":"https:\/\/adambookshop.com\/?post_type=product&#038;p=8359"},"modified":"2025-05-01T00:00:07","modified_gmt":"2025-05-01T00:00:07","slug":"prufungstraining-daf-b2-goethe-zertifikat-b2-neubearbeitung","status":"publish","type":"product","link":"https:\/\/adambookshop.com\/?product=prufungstraining-daf-b2-goethe-zertifikat-b2-neubearbeitung","title":{"rendered":"Pr\u00fcfungstraining DaF B2 Goethe-Zertifikat B2 &#8211; Neubearbeitung"},"content":{"rendered":"<div class=\"cv-column cv-column--l-8 cv-column--m-8 cv-column--s-12 cv-product__content-column-title\">\n<h1 class=\"cv-product__title\"><span class=\"cv-product__title-info\">\u00dcbungsbuch mit Audio-Download<\/span><\/h1>\n<\/div>\n<div class=\"cv-column cv-column--l-8 cv-column--m-8 cv-column--s-12 cv-product__content-column-description\">\n<section class=\"cv-product__description\">\n<div class=\"cv-product__expansion-bar cv-expansion-bar\" data-component=\"TextCollapse\" data-prop-collapsed-height=\"100\" data-prop-collapsed-height-mobile=\"100\" data-prop-is-text-collapse-with-preview=\"true\" data-prop-content-id=\"collapsable-content-description-text\" data-prop-button-id=\"expand-content-button-description-text\">\n<div id=\"collapsable-content-description-text\" class=\"cv-expansion-bar__content-preview\" aria-hidden=\"false\">\n<div class=\"cv-product__description-item-description\">\n<div class=\"pim-producttext-standard\">\n<p><strong>Perfekt vorbereitet<\/strong><\/p>\n<p>Das Pr\u00fcfungstraining bereitet gezielt auf die Pr\u00fcfung\u00a0<em>Goethe-Zertifikat B2<\/em>\u00a0vor. Es macht Lernende Schritt f\u00fcr Schritt mit den Pr\u00fcfungsformaten vertraut und bietet ein vielf\u00e4ltiges Trainingsprogramm mit vielen \u00dcbungsmaterialien.<\/p>\n<p>Es eignet sich sowohl f\u00fcr den Einsatz im Unterricht als auch f\u00fcr die selbstst\u00e4ndige Pr\u00fcfungsvorbereitung zu Hause.<\/p>\n<p>&nbsp;<\/p>\n<p><strong>Damit gelingt die erfolgreiche Pr\u00fcfungsvorbereitung<\/strong><\/p>\n<ul>\n<li>Die\u00a0<strong>Hinweise, Tipps und Strategien<\/strong>\u00a0im ersten Teil f\u00fchren am Beispiel eines ersten Modelltests an die\u00a0<em>Deutsch als Fremdsprache<\/em>-Pr\u00fcfung heran.<\/li>\n<li>Mithilfe der\u00a0<strong>kommentierten L\u00f6sungen<\/strong>\u00a0zu den Modulen Lesen und H\u00f6ren sowie der\u00a0<strong>L\u00f6sungsbeispiele\u00a0<\/strong>zu den Modulen Schreiben und Sprechen k\u00f6nnen Sie Ihre eigenen Leistungen \u00fcberpr\u00fcfen.<\/li>\n<li><strong>Drei weitere Modelltests<\/strong>\u00a0bieten Ihnen die M\u00f6glichkeit, sich durch intensives \u00dcben optimal auf die Pr\u00fcfung vorzubereiten.<\/li>\n<\/ul>\n<p>Die\u00a0<strong>Audiodateien\u00a0<\/strong>sowie die\u00a0<strong>L\u00f6sungen\u00a0<\/strong>und\u00a0<strong>Transkripte\u00a0<\/strong>der H\u00f6rtexte sind bequem als Download auf cornelsen.de\/codes verf\u00fcgbar.<\/p>\n<\/div>\n<\/div>\n<\/div>\n<\/div>\n<\/section>\n<\/div>\n","protected":false},"excerpt":{"rendered":"<p>\u00dcbungsbuch mit Audio-Download Perfekt vorbereitet Das Pr\u00fcfungstraining bereitet gezielt auf die Pr\u00fcfung\u00a0Goethe-Zertifikat B2\u00a0vor. Es macht Lernende Schritt f\u00fcr Schritt mit den Pr\u00fcfungsformaten vertraut und bietet ein vielf\u00e4ltiges Trainingsprogramm mit vielen \u00dcbungsmaterialien. Es eignet sich sowohl f\u00fcr den Einsatz im Unterricht als auch f\u00fcr die selbstst\u00e4ndige Pr\u00fcfungsvorbereitung zu Hause. &nbsp; Damit gelingt die erfolgreiche Pr\u00fcfungsvorbereitung Die\u00a0Hinweise, [&hellip;]<\/p>\n","protected":false},"featured_media":8360,"comment_status":"open","ping_status":"closed","template":"","meta":{"content-type":""},"product_brand":[233],"product_cat":[193,232],"product_tag":[],"class_list":{"0":"post-8359","1":"product","2":"type-product","3":"status-publish","4":"has-post-thumbnail","6":"product_brand-cornelsen-verlag","7":"product_cat-german","8":"product_cat-zertifikat","10":"first","11":"instock","12":"taxable","13":"shipping-taxable","14":"purchasable","15":"product-type-simple"},"_links":{"self":[{"href":"https:\/\/adambookshop.com\/index.php?rest_route=\/wp\/v2\/product\/8359","targetHints":{"allow":["GET"]}}],"collection":[{"href":"https:\/\/adambookshop.com\/index.php?rest_route=\/wp\/v2\/product"}],"about":[{"href":"https:\/\/adambookshop.com\/index.php?rest_route=\/wp\/v2\/types\/product"}],"replies":[{"embeddable":true,"href":"https:\/\/adambookshop.com\/index.php?rest_route=%2Fwp%2Fv2%2Fcomments&post=8359"}],"wp:featuredmedia":[{"embeddable":true,"href":"https:\/\/adambookshop.com\/index.php?rest_route=\/wp\/v2\/media\/8360"}],"wp:attachment":[{"href":"https:\/\/adambookshop.com\/index.php?rest_route=%2Fwp%2Fv2%2Fmedia&parent=8359"}],"wp:term":[{"taxonomy":"product_brand","embeddable":true,"href":"https:\/\/adambookshop.com\/index.php?rest_route=%2Fwp%2Fv2%2Fproduct_brand&post=8359"},{"taxonomy":"product_cat","embeddable":true,"href":"https:\/\/adambookshop.com\/index.php?rest_route=%2Fwp%2Fv2%2Fproduct_cat&post=8359"},{"taxonomy":"product_tag","embeddable":true,"href":"https:\/\/adambookshop.com\/index.php?rest_route=%2Fwp%2Fv2%2Fproduct_tag&post=8359"}],"curies":[{"name":"wp","href":"https:\/\/api.w.org\/{rel}","templated":true}]}}