{"id":8347,"date":"2025-04-21T14:06:15","date_gmt":"2025-04-21T14:06:15","guid":{"rendered":"https:\/\/adambookshop.com\/?post_type=product&#038;p=8347"},"modified":"2025-05-01T00:00:07","modified_gmt":"2025-05-01T00:00:07","slug":"prufungstraining-daf-b1-zertifikat-deutsch-telc-deutsch-b1-2","status":"publish","type":"product","link":"https:\/\/adambookshop.com\/?product=prufungstraining-daf-b1-zertifikat-deutsch-telc-deutsch-b1-2","title":{"rendered":"Pr\u00fcfungstraining DaF B1 Zertifikat Deutsch\/telc Deutsch B1"},"content":{"rendered":"<div class=\"cv-column cv-column--l-8 cv-column--m-8 cv-column--s-12 cv-product__content-column-title\">\n<h1 class=\"cv-product__title\"><span class=\"cv-product__title-info\">\u00dcbungsbuch mit L\u00f6sungen und Audios als Download (2. Auflage 2022)<\/span><\/h1>\n<\/div>\n<div class=\"cv-column cv-column--l-8 cv-column--m-8 cv-column--s-12 cv-product__content-column-description\">\n<section class=\"cv-product__description\">\n<div class=\"cv-product__expansion-bar cv-expansion-bar\" data-component=\"TextCollapse\" data-prop-collapsed-height=\"100\" data-prop-collapsed-height-mobile=\"100\" data-prop-is-text-collapse-with-preview=\"true\" data-prop-content-id=\"collapsable-content-description-text\" data-prop-button-id=\"expand-content-button-description-text\">\n<div id=\"collapsable-content-description-text\" class=\"cv-expansion-bar__content-preview\" aria-hidden=\"false\">\n<div class=\"cv-product__description-item-description\">\n<div class=\"pim-producttext-standard\">\n<p><strong>Perfekt vorbereitet<\/strong><\/p>\n<p>Das Pr\u00fcfungstraining bereitet gezielt auf die Pr\u00fcfung\u00a0<em>Zertifikat Deutsch (telc Deutsch B1)\u00a0<\/em>vor. Es macht Lernende Schritt f\u00fcr Schritt mit den Pr\u00fcfungsformaten vertraut und bietet ein vielf\u00e4ltiges Trainingsprogramm mit vielen \u00dcbungsmaterialien. Es eignet sich sowohl f\u00fcr den Einsatz im Unterricht als auch f\u00fcr die selbstst\u00e4ndige Pr\u00fcfungsvorbereitung zu Hause.<\/p>\n<p>&nbsp;<\/p>\n<p><strong>Damit gelingt die erfolgreiche Pr\u00fcfungsvorbereitung<\/strong><\/p>\n<ul>\n<li><strong>Hinweise, Tipps<\/strong>\u00a0und\u00a0<strong>Strategien<\/strong>\u00a0f\u00fchren am Beispiel eines ersten Modelltests in kleinen Schritten an die\u00a0<em>Deutsch als Fremdsprache<\/em>-Pr\u00fcfung heran.<\/li>\n<li><strong>\u00dcbungsmaterial\u00a0<\/strong>zu den pr\u00fcfungsrelevanten Wortschatzthemen und ein vertiefendes\u00a0<strong>Grammatiktraining\u00a0<\/strong>bereiten optimal auf die Pr\u00fcfung\u00a0<em>Zertifikat Deutsch B1\u00a0<\/em>vor.<\/li>\n<li>Mit\u00a0<strong>drei weiteren Modelltests<\/strong>\u00a0kann die Pr\u00fcfung realit\u00e4tsnah ge\u00fcbt werden.<\/li>\n<\/ul>\n<p>Die\u00a0<strong>Audiodateien, L\u00f6sungen, Transkripte<\/strong>\u00a0der H\u00f6rtexte sowie die f\u00fcr die Pr\u00fcfung\u00a0<strong>relevanten Wortfelder\u00a0<\/strong>sind bequem als Download auf cornelsen.de\/codes verf\u00fcgbar.<\/p>\n<\/div>\n<\/div>\n<\/div>\n<\/div>\n<\/section>\n<\/div>\n","protected":false},"excerpt":{"rendered":"<p>\u00dcbungsbuch mit L\u00f6sungen und Audios als Download (2. Auflage 2022) Perfekt vorbereitet Das Pr\u00fcfungstraining bereitet gezielt auf die Pr\u00fcfung\u00a0Zertifikat Deutsch (telc Deutsch B1)\u00a0vor. Es macht Lernende Schritt f\u00fcr Schritt mit den Pr\u00fcfungsformaten vertraut und bietet ein vielf\u00e4ltiges Trainingsprogramm mit vielen \u00dcbungsmaterialien. Es eignet sich sowohl f\u00fcr den Einsatz im Unterricht als auch f\u00fcr die selbstst\u00e4ndige [&hellip;]<\/p>\n","protected":false},"featured_media":8348,"comment_status":"open","ping_status":"closed","template":"","meta":{"content-type":""},"product_brand":[233],"product_cat":[193,232],"product_tag":[],"class_list":{"0":"post-8347","1":"product","2":"type-product","3":"status-publish","4":"has-post-thumbnail","6":"product_brand-cornelsen-verlag","7":"product_cat-german","8":"product_cat-zertifikat","10":"first","11":"instock","12":"taxable","13":"shipping-taxable","14":"purchasable","15":"product-type-simple"},"_links":{"self":[{"href":"https:\/\/adambookshop.com\/index.php?rest_route=\/wp\/v2\/product\/8347","targetHints":{"allow":["GET"]}}],"collection":[{"href":"https:\/\/adambookshop.com\/index.php?rest_route=\/wp\/v2\/product"}],"about":[{"href":"https:\/\/adambookshop.com\/index.php?rest_route=\/wp\/v2\/types\/product"}],"replies":[{"embeddable":true,"href":"https:\/\/adambookshop.com\/index.php?rest_route=%2Fwp%2Fv2%2Fcomments&post=8347"}],"wp:featuredmedia":[{"embeddable":true,"href":"https:\/\/adambookshop.com\/index.php?rest_route=\/wp\/v2\/media\/8348"}],"wp:attachment":[{"href":"https:\/\/adambookshop.com\/index.php?rest_route=%2Fwp%2Fv2%2Fmedia&parent=8347"}],"wp:term":[{"taxonomy":"product_brand","embeddable":true,"href":"https:\/\/adambookshop.com\/index.php?rest_route=%2Fwp%2Fv2%2Fproduct_brand&post=8347"},{"taxonomy":"product_cat","embeddable":true,"href":"https:\/\/adambookshop.com\/index.php?rest_route=%2Fwp%2Fv2%2Fproduct_cat&post=8347"},{"taxonomy":"product_tag","embeddable":true,"href":"https:\/\/adambookshop.com\/index.php?rest_route=%2Fwp%2Fv2%2Fproduct_tag&post=8347"}],"curies":[{"name":"wp","href":"https:\/\/api.w.org\/{rel}","templated":true}]}}