{"id":8345,"date":"2025-04-21T13:55:08","date_gmt":"2025-04-21T13:55:08","guid":{"rendered":"https:\/\/adambookshop.com\/?post_type=product&#038;p=8345"},"modified":"2026-04-19T17:49:49","modified_gmt":"2026-04-19T17:49:49","slug":"prufungstraining-daf-b1-zertifikat-deutsch-telc-deutsch-b1","status":"publish","type":"product","link":"https:\/\/adambookshop.com\/?product=prufungstraining-daf-b1-zertifikat-deutsch-telc-deutsch-b1","title":{"rendered":"Pr\u00fcfungstraining DaF \/ B1 &#8211; Zertifikat Deutsch \/ telc Deutsch B1"},"content":{"rendered":"<h2>\u00dcbungsbuch mit CD und CD-ROM<\/h2>\n<p><i>Informationen zum Titel:<\/i><\/p>\n<p>Das Pr\u00fcfungstraining enth\u00e4lt einen \u00dcbungsteil sowie vier Modelltests zur systematischen Vorbereitung auf die Pr\u00fcfung der\u00a0<i>telc GmbH<\/i>\u00a0. Der eingelegte\u00a0<i>Pr\u00fcfungssimulator auf CD-ROM<\/i>\u00a0liefert einen weiteren Modelltest zum mehrfachen \u00dcben. R\u00fcckmeldung und Auswertung erfolgen per Mausklick.<\/p>\n<p>&nbsp;<\/p>\n<p><i>Informationen zur Reihe:<\/i><\/p>\n<p><b>Passgenaue Vorbereitung auf die wichtigen DaF-Pr\u00fcfungen<\/b><br \/>\nDie B\u00fccher stellen \u00dcbungen, Arbeitshilfen und Tipps zur Verf\u00fcgung &#8211; differenziert f\u00fcr individuelle Bed\u00fcrfnisse und klar im Aufbau. Eine detaillierte Bewertung der Pr\u00fcfungsteile hilft den Lernenden, ihren eigenen Stand genau einzusch\u00e4tzen. Jedes \u00dcbungsbuch ist sowohl f\u00fcr den Unterricht als auch zum Selbstlernen geeignet.<\/p>\n","protected":false},"excerpt":{"rendered":"<p>\u00dcbungsbuch mit CD und CD-ROM Informationen zum Titel: Das Pr\u00fcfungstraining enth\u00e4lt einen \u00dcbungsteil sowie vier Modelltests zur systematischen Vorbereitung auf die Pr\u00fcfung der\u00a0telc GmbH\u00a0. Der eingelegte\u00a0Pr\u00fcfungssimulator auf CD-ROM\u00a0liefert einen weiteren Modelltest zum mehrfachen \u00dcben. R\u00fcckmeldung und Auswertung erfolgen per Mausklick. &nbsp; Informationen zur Reihe: Passgenaue Vorbereitung auf die wichtigen DaF-Pr\u00fcfungen Die B\u00fccher stellen \u00dcbungen, Arbeitshilfen [&hellip;]<\/p>\n","protected":false},"featured_media":8346,"comment_status":"open","ping_status":"closed","template":"","meta":{"content-type":""},"product_brand":[233],"product_cat":[193,232],"product_tag":[],"class_list":{"0":"post-8345","1":"product","2":"type-product","3":"status-publish","4":"has-post-thumbnail","6":"product_brand-cornelsen-verlag","7":"product_cat-german","8":"product_cat-zertifikat","10":"first","11":"instock","12":"taxable","13":"shipping-taxable","14":"purchasable","15":"product-type-simple"},"_links":{"self":[{"href":"https:\/\/adambookshop.com\/index.php?rest_route=\/wp\/v2\/product\/8345","targetHints":{"allow":["GET"]}}],"collection":[{"href":"https:\/\/adambookshop.com\/index.php?rest_route=\/wp\/v2\/product"}],"about":[{"href":"https:\/\/adambookshop.com\/index.php?rest_route=\/wp\/v2\/types\/product"}],"replies":[{"embeddable":true,"href":"https:\/\/adambookshop.com\/index.php?rest_route=%2Fwp%2Fv2%2Fcomments&post=8345"}],"wp:featuredmedia":[{"embeddable":true,"href":"https:\/\/adambookshop.com\/index.php?rest_route=\/wp\/v2\/media\/8346"}],"wp:attachment":[{"href":"https:\/\/adambookshop.com\/index.php?rest_route=%2Fwp%2Fv2%2Fmedia&parent=8345"}],"wp:term":[{"taxonomy":"product_brand","embeddable":true,"href":"https:\/\/adambookshop.com\/index.php?rest_route=%2Fwp%2Fv2%2Fproduct_brand&post=8345"},{"taxonomy":"product_cat","embeddable":true,"href":"https:\/\/adambookshop.com\/index.php?rest_route=%2Fwp%2Fv2%2Fproduct_cat&post=8345"},{"taxonomy":"product_tag","embeddable":true,"href":"https:\/\/adambookshop.com\/index.php?rest_route=%2Fwp%2Fv2%2Fproduct_tag&post=8345"}],"curies":[{"name":"wp","href":"https:\/\/api.w.org\/{rel}","templated":true}]}}