{"id":8046,"date":"2024-07-25T10:50:53","date_gmt":"2024-07-25T10:50:53","guid":{"rendered":"https:\/\/adambookshop.com\/?post_type=product&#038;p=8046"},"modified":"2024-07-25T10:50:53","modified_gmt":"2024-07-25T10:50:53","slug":"le-corps-humain","status":"publish","type":"product","link":"https:\/\/adambookshop.com\/?product=le-corps-humain","title":{"rendered":"Le corps humain"},"content":{"rendered":"<p><span class=\"a-text-bold\">Les Picco-docs<\/span>\u00a0. Pas \u00e0 pas, comprendre le monde, ensemble, jour apr\u00e8s jour.. La collection \u00ab\u00a0Les Picco-docs\u00a0\u00bb r\u00e9pond clairement aux questions des tout-petits.. Des surprises sous les volets, de magnifiques illustrations et des textes adapt\u00e9s \u00e0 leur \u00e2ge font de chaque page une vraie d\u00e9couverte..<\/p>\n","protected":false},"excerpt":{"rendered":"<p>9782753068230<\/p>\n<p>&nbsp;<\/p>\n","protected":false},"featured_media":8047,"comment_status":"open","ping_status":"closed","template":"","meta":{"content-type":""},"product_brand":[],"product_cat":[15,211],"product_tag":[],"class_list":{"0":"post-8046","1":"product","2":"type-product","3":"status-publish","4":"has-post-thumbnail","6":"product_cat-french","7":"product_cat-kids-franch","9":"first","10":"instock","11":"taxable","12":"shipping-taxable","13":"purchasable","14":"product-type-simple"},"_links":{"self":[{"href":"https:\/\/adambookshop.com\/index.php?rest_route=\/wp\/v2\/product\/8046","targetHints":{"allow":["GET"]}}],"collection":[{"href":"https:\/\/adambookshop.com\/index.php?rest_route=\/wp\/v2\/product"}],"about":[{"href":"https:\/\/adambookshop.com\/index.php?rest_route=\/wp\/v2\/types\/product"}],"replies":[{"embeddable":true,"href":"https:\/\/adambookshop.com\/index.php?rest_route=%2Fwp%2Fv2%2Fcomments&post=8046"}],"wp:featuredmedia":[{"embeddable":true,"href":"https:\/\/adambookshop.com\/index.php?rest_route=\/wp\/v2\/media\/8047"}],"wp:attachment":[{"href":"https:\/\/adambookshop.com\/index.php?rest_route=%2Fwp%2Fv2%2Fmedia&parent=8046"}],"wp:term":[{"taxonomy":"product_brand","embeddable":true,"href":"https:\/\/adambookshop.com\/index.php?rest_route=%2Fwp%2Fv2%2Fproduct_brand&post=8046"},{"taxonomy":"product_cat","embeddable":true,"href":"https:\/\/adambookshop.com\/index.php?rest_route=%2Fwp%2Fv2%2Fproduct_cat&post=8046"},{"taxonomy":"product_tag","embeddable":true,"href":"https:\/\/adambookshop.com\/index.php?rest_route=%2Fwp%2Fv2%2Fproduct_tag&post=8046"}],"curies":[{"name":"wp","href":"https:\/\/api.w.org\/{rel}","templated":true}]}}