{"id":8027,"date":"2024-07-24T13:02:36","date_gmt":"2024-07-24T13:02:36","guid":{"rendered":"https:\/\/adambookshop.com\/?post_type=product&#038;p=8027"},"modified":"2024-07-24T13:02:37","modified_gmt":"2024-07-24T13:02:37","slug":"les-petites-betes-qui-se-cache","status":"publish","type":"product","link":"https:\/\/adambookshop.com\/?product=les-petites-betes-qui-se-cache","title":{"rendered":"Les petites b\u00eates &#8211; Qui se cache"},"content":{"rendered":"<p><span class=\"a-text-bold\">Qui se cache derii\u00e8re les yeux? Devine et mets tes doigts<\/span><br \/>\nune collection pour \u00e9veiller la curiosit\u00e9, qui se cache derri\u00e8re les yeux; il faut deviner et on peut aussi mettre ses doigts sur les premi\u00e8res pages pour ajouetr un moment ludique<\/p>\n","protected":false},"excerpt":{"rendered":"<p>9782753067431<\/p>\n<p>&nbsp;<\/p>\n","protected":false},"featured_media":8028,"comment_status":"open","ping_status":"closed","template":"","meta":{"content-type":""},"product_brand":[],"product_cat":[15,211],"product_tag":[],"class_list":{"0":"post-8027","1":"product","2":"type-product","3":"status-publish","4":"has-post-thumbnail","6":"product_cat-french","7":"product_cat-kids-franch","9":"first","10":"instock","11":"taxable","12":"shipping-taxable","13":"purchasable","14":"product-type-simple"},"_links":{"self":[{"href":"https:\/\/adambookshop.com\/index.php?rest_route=\/wp\/v2\/product\/8027","targetHints":{"allow":["GET"]}}],"collection":[{"href":"https:\/\/adambookshop.com\/index.php?rest_route=\/wp\/v2\/product"}],"about":[{"href":"https:\/\/adambookshop.com\/index.php?rest_route=\/wp\/v2\/types\/product"}],"replies":[{"embeddable":true,"href":"https:\/\/adambookshop.com\/index.php?rest_route=%2Fwp%2Fv2%2Fcomments&post=8027"}],"wp:featuredmedia":[{"embeddable":true,"href":"https:\/\/adambookshop.com\/index.php?rest_route=\/wp\/v2\/media\/8028"}],"wp:attachment":[{"href":"https:\/\/adambookshop.com\/index.php?rest_route=%2Fwp%2Fv2%2Fmedia&parent=8027"}],"wp:term":[{"taxonomy":"product_brand","embeddable":true,"href":"https:\/\/adambookshop.com\/index.php?rest_route=%2Fwp%2Fv2%2Fproduct_brand&post=8027"},{"taxonomy":"product_cat","embeddable":true,"href":"https:\/\/adambookshop.com\/index.php?rest_route=%2Fwp%2Fv2%2Fproduct_cat&post=8027"},{"taxonomy":"product_tag","embeddable":true,"href":"https:\/\/adambookshop.com\/index.php?rest_route=%2Fwp%2Fv2%2Fproduct_tag&post=8027"}],"curies":[{"name":"wp","href":"https:\/\/api.w.org\/{rel}","templated":true}]}}