{"id":8025,"date":"2024-07-24T12:59:44","date_gmt":"2024-07-24T12:59:44","guid":{"rendered":"https:\/\/adambookshop.com\/?post_type=product&#038;p=8025"},"modified":"2024-07-24T12:59:44","modified_gmt":"2024-07-24T12:59:44","slug":"les-animaux-des-mers","status":"publish","type":"product","link":"https:\/\/adambookshop.com\/?product=les-animaux-des-mers","title":{"rendered":"Les animaux des mers"},"content":{"rendered":"<p>une collection pour \u00e9veiller la curiosit\u00e9, qui se cache derri\u00e8re les yeux ; il faut deviner et on peut aussi mettre ses doigts sur les premi\u00e8res pages<\/p>\n","protected":false},"excerpt":{"rendered":"<p>9782753067400<\/p>\n<p>&nbsp;<\/p>\n","protected":false},"featured_media":8026,"comment_status":"open","ping_status":"closed","template":"","meta":{"content-type":""},"product_brand":[],"product_cat":[15,211],"product_tag":[],"class_list":{"0":"post-8025","1":"product","2":"type-product","3":"status-publish","4":"has-post-thumbnail","6":"product_cat-french","7":"product_cat-kids-franch","9":"first","10":"instock","11":"taxable","12":"shipping-taxable","13":"purchasable","14":"product-type-simple"},"_links":{"self":[{"href":"https:\/\/adambookshop.com\/index.php?rest_route=\/wp\/v2\/product\/8025","targetHints":{"allow":["GET"]}}],"collection":[{"href":"https:\/\/adambookshop.com\/index.php?rest_route=\/wp\/v2\/product"}],"about":[{"href":"https:\/\/adambookshop.com\/index.php?rest_route=\/wp\/v2\/types\/product"}],"replies":[{"embeddable":true,"href":"https:\/\/adambookshop.com\/index.php?rest_route=%2Fwp%2Fv2%2Fcomments&post=8025"}],"wp:featuredmedia":[{"embeddable":true,"href":"https:\/\/adambookshop.com\/index.php?rest_route=\/wp\/v2\/media\/8026"}],"wp:attachment":[{"href":"https:\/\/adambookshop.com\/index.php?rest_route=%2Fwp%2Fv2%2Fmedia&parent=8025"}],"wp:term":[{"taxonomy":"product_brand","embeddable":true,"href":"https:\/\/adambookshop.com\/index.php?rest_route=%2Fwp%2Fv2%2Fproduct_brand&post=8025"},{"taxonomy":"product_cat","embeddable":true,"href":"https:\/\/adambookshop.com\/index.php?rest_route=%2Fwp%2Fv2%2Fproduct_cat&post=8025"},{"taxonomy":"product_tag","embeddable":true,"href":"https:\/\/adambookshop.com\/index.php?rest_route=%2Fwp%2Fv2%2Fproduct_tag&post=8025"}],"curies":[{"name":"wp","href":"https:\/\/api.w.org\/{rel}","templated":true}]}}