{"id":7992,"date":"2024-07-21T12:30:48","date_gmt":"2024-07-21T12:30:48","guid":{"rendered":"https:\/\/adambookshop.com\/?post_type=product&#038;p=7992"},"modified":"2024-07-21T12:31:07","modified_gmt":"2024-07-21T12:31:07","slug":"7992","status":"publish","type":"product","link":"https:\/\/adambookshop.com\/?product=7992","title":{"rendered":"Mon voyage d&#8217;exploration Les animaux"},"content":{"rendered":"<p class=\"a-text-bold\"><span class=\"a-text-bold\">Des nombreux faits \u00e9tonnants et de magnifiques illustrations, finement d\u00e9taill\u00e9es!<br \/>\nDes rabats et des pages d\u00e9pliantes.<br \/>\nUn pop-up g\u00e9ant!<\/span><\/p>\n<p>&nbsp;<\/p>\n<p>Entre dans le monde animal et commence ton extraordinaire voyage d&#8217;exploration!\u00a0 Fais la connaissance de cr\u00e9atures du monde entier.\u00a0 D\u00e9couvre des informations amusantes sous les rabats et sur les pages d\u00e9pliantes.\u00a0 Et pour couronner le tout, un pop-up g\u00e9ant te pr\u00e9sente le plus grand animal terrestre!\u00a0 L&#8217;aventure t&#8217;attend, alors pars en exploration!<\/p>\n","protected":false},"excerpt":{"rendered":"<p class=\"a-text-bold\">9789464222258<\/p>\n<p>&nbsp;<\/p>\n<p>&nbsp;<\/p>\n<p>&nbsp;<\/p>\n","protected":false},"featured_media":7993,"comment_status":"open","ping_status":"closed","template":"","meta":{"content-type":""},"product_brand":[],"product_cat":[15,211],"product_tag":[],"class_list":{"0":"post-7992","1":"product","2":"type-product","3":"status-publish","4":"has-post-thumbnail","6":"product_cat-french","7":"product_cat-kids-franch","9":"first","10":"instock","11":"taxable","12":"shipping-taxable","13":"purchasable","14":"product-type-simple"},"_links":{"self":[{"href":"https:\/\/adambookshop.com\/index.php?rest_route=\/wp\/v2\/product\/7992","targetHints":{"allow":["GET"]}}],"collection":[{"href":"https:\/\/adambookshop.com\/index.php?rest_route=\/wp\/v2\/product"}],"about":[{"href":"https:\/\/adambookshop.com\/index.php?rest_route=\/wp\/v2\/types\/product"}],"replies":[{"embeddable":true,"href":"https:\/\/adambookshop.com\/index.php?rest_route=%2Fwp%2Fv2%2Fcomments&post=7992"}],"wp:featuredmedia":[{"embeddable":true,"href":"https:\/\/adambookshop.com\/index.php?rest_route=\/wp\/v2\/media\/7993"}],"wp:attachment":[{"href":"https:\/\/adambookshop.com\/index.php?rest_route=%2Fwp%2Fv2%2Fmedia&parent=7992"}],"wp:term":[{"taxonomy":"product_brand","embeddable":true,"href":"https:\/\/adambookshop.com\/index.php?rest_route=%2Fwp%2Fv2%2Fproduct_brand&post=7992"},{"taxonomy":"product_cat","embeddable":true,"href":"https:\/\/adambookshop.com\/index.php?rest_route=%2Fwp%2Fv2%2Fproduct_cat&post=7992"},{"taxonomy":"product_tag","embeddable":true,"href":"https:\/\/adambookshop.com\/index.php?rest_route=%2Fwp%2Fv2%2Fproduct_tag&post=7992"}],"curies":[{"name":"wp","href":"https:\/\/api.w.org\/{rel}","templated":true}]}}