{"id":7951,"date":"2024-07-21T08:45:54","date_gmt":"2024-07-21T08:45:54","guid":{"rendered":"https:\/\/adambookshop.com\/?post_type=product&#038;p=7951"},"modified":"2024-07-21T08:45:55","modified_gmt":"2024-07-21T08:45:55","slug":"mein-raderbuch-david-der-doppeldeckerbus","status":"publish","type":"product","link":"https:\/\/adambookshop.com\/?product=mein-raderbuch-david-der-doppeldeckerbus","title":{"rendered":"Mein R\u00e4derbuch: David, der Doppeldeckerbus"},"content":{"rendered":"<p>Erlebe mit dem Doppeldeckerbus und dem M\u00fcllauto einen spannenden Tag. Martin, das M\u00fcllauto, f\u00e4hrt durch die Stadt, um den M\u00fcll einzusammeln. David, der Doppeldeckerbus, f\u00e4hrt eine Gruppe Touristen durch die Stadt als er unter einer Br\u00fccke stecken bleibt. Durch die vier stabilen Kunststoff-R\u00e4der wird das Buch zu einem attraktiven Spielzeug, mit dem die Geschichte nachgespielt werden kann.<\/p>\n","protected":false},"excerpt":{"rendered":"<p>9789463999557<\/p>\n<p>&nbsp;<\/p>\n","protected":false},"featured_media":7953,"comment_status":"open","ping_status":"closed","template":"","meta":{"content-type":""},"product_brand":[],"product_cat":[193,219],"product_tag":[],"class_list":{"0":"post-7951","1":"product","2":"type-product","3":"status-publish","4":"has-post-thumbnail","6":"product_cat-german","7":"product_cat-kids-german","9":"first","10":"instock","11":"taxable","12":"shipping-taxable","13":"purchasable","14":"product-type-simple"},"_links":{"self":[{"href":"https:\/\/adambookshop.com\/index.php?rest_route=\/wp\/v2\/product\/7951","targetHints":{"allow":["GET"]}}],"collection":[{"href":"https:\/\/adambookshop.com\/index.php?rest_route=\/wp\/v2\/product"}],"about":[{"href":"https:\/\/adambookshop.com\/index.php?rest_route=\/wp\/v2\/types\/product"}],"replies":[{"embeddable":true,"href":"https:\/\/adambookshop.com\/index.php?rest_route=%2Fwp%2Fv2%2Fcomments&post=7951"}],"wp:featuredmedia":[{"embeddable":true,"href":"https:\/\/adambookshop.com\/index.php?rest_route=\/wp\/v2\/media\/7953"}],"wp:attachment":[{"href":"https:\/\/adambookshop.com\/index.php?rest_route=%2Fwp%2Fv2%2Fmedia&parent=7951"}],"wp:term":[{"taxonomy":"product_brand","embeddable":true,"href":"https:\/\/adambookshop.com\/index.php?rest_route=%2Fwp%2Fv2%2Fproduct_brand&post=7951"},{"taxonomy":"product_cat","embeddable":true,"href":"https:\/\/adambookshop.com\/index.php?rest_route=%2Fwp%2Fv2%2Fproduct_cat&post=7951"},{"taxonomy":"product_tag","embeddable":true,"href":"https:\/\/adambookshop.com\/index.php?rest_route=%2Fwp%2Fv2%2Fproduct_tag&post=7951"}],"curies":[{"name":"wp","href":"https:\/\/api.w.org\/{rel}","templated":true}]}}