{"id":7949,"date":"2024-07-21T08:38:57","date_gmt":"2024-07-21T08:38:57","guid":{"rendered":"https:\/\/adambookshop.com\/?post_type=product&#038;p=7949"},"modified":"2024-07-21T08:38:57","modified_gmt":"2024-07-21T08:38:57","slug":"meine-entdeckungsreise-tiere","status":"publish","type":"product","link":"https:\/\/adambookshop.com\/?product=meine-entdeckungsreise-tiere","title":{"rendered":"Meine Entdeckungsreise: Tiere"},"content":{"rendered":"<p>Eine faszinierende Entdeckungsreise f\u00fcr Kinder in Buchform! Anhand von ansprechenden Illustrationen und gut verst\u00e4ndlichen Texten k\u00f6nnen Kinder das Tierreich mit all seinen fremden und heimischen Tieren kennenlernen. Die erstaunlichen Fakten stecken nicht nur im Text, sondern auch unter vielen Klappen und auf den Seiten zum Ausklappen. Um diese kreative Wissensvermittlung noch abzurunden, hat jeder Titel ein riesiges, beeindruckendes Pop-Up.<\/p>\n","protected":false},"excerpt":{"rendered":"<p>9789464542103<\/p>\n<p>&nbsp;<\/p>\n","protected":false},"featured_media":7950,"comment_status":"open","ping_status":"closed","template":"","meta":{"content-type":""},"product_brand":[],"product_cat":[193,219],"product_tag":[],"class_list":{"0":"post-7949","1":"product","2":"type-product","3":"status-publish","4":"has-post-thumbnail","6":"product_cat-german","7":"product_cat-kids-german","9":"first","10":"instock","11":"taxable","12":"shipping-taxable","13":"purchasable","14":"product-type-simple"},"_links":{"self":[{"href":"https:\/\/adambookshop.com\/index.php?rest_route=\/wp\/v2\/product\/7949","targetHints":{"allow":["GET"]}}],"collection":[{"href":"https:\/\/adambookshop.com\/index.php?rest_route=\/wp\/v2\/product"}],"about":[{"href":"https:\/\/adambookshop.com\/index.php?rest_route=\/wp\/v2\/types\/product"}],"replies":[{"embeddable":true,"href":"https:\/\/adambookshop.com\/index.php?rest_route=%2Fwp%2Fv2%2Fcomments&post=7949"}],"wp:featuredmedia":[{"embeddable":true,"href":"https:\/\/adambookshop.com\/index.php?rest_route=\/wp\/v2\/media\/7950"}],"wp:attachment":[{"href":"https:\/\/adambookshop.com\/index.php?rest_route=%2Fwp%2Fv2%2Fmedia&parent=7949"}],"wp:term":[{"taxonomy":"product_brand","embeddable":true,"href":"https:\/\/adambookshop.com\/index.php?rest_route=%2Fwp%2Fv2%2Fproduct_brand&post=7949"},{"taxonomy":"product_cat","embeddable":true,"href":"https:\/\/adambookshop.com\/index.php?rest_route=%2Fwp%2Fv2%2Fproduct_cat&post=7949"},{"taxonomy":"product_tag","embeddable":true,"href":"https:\/\/adambookshop.com\/index.php?rest_route=%2Fwp%2Fv2%2Fproduct_tag&post=7949"}],"curies":[{"name":"wp","href":"https:\/\/api.w.org\/{rel}","templated":true}]}}