{"id":7945,"date":"2024-07-21T08:23:58","date_gmt":"2024-07-21T08:23:58","guid":{"rendered":"https:\/\/adambookshop.com\/?post_type=product&#038;p=7945"},"modified":"2024-07-21T08:23:58","modified_gmt":"2024-07-21T08:23:58","slug":"meine-entdeckungsreise-dinosaurier","status":"publish","type":"product","link":"https:\/\/adambookshop.com\/?product=meine-entdeckungsreise-dinosaurier","title":{"rendered":"Meine Entdeckungsreise: Dinosaurier"},"content":{"rendered":"<p>Eine faszinierende Entdeckungsreise f\u00fcr Kinder in Buchform! Anhand von ansprechenden Illustrationen und gut verst\u00e4ndlichen Texten k\u00f6nnen Kinder alles \u00fcber das Zeitalter der Dinosaurier und die unterschiedlichen Dinosaurierarten erfahren. Die erstaunlichen Fakten stecken nicht nur im Text, sondern auch unter vielen Klappen und auf den Seiten zum Ausklappen. Um diese kreative Wissensvermittlung noch abzurunden, hat jeder Titel ein riesiges, beeindruckendes Pop-Up<\/p>\n","protected":false},"excerpt":{"rendered":"<p>9789464542134<\/p>\n<p>&nbsp;<\/p>\n","protected":false},"featured_media":7946,"comment_status":"open","ping_status":"closed","template":"","meta":{"content-type":""},"product_brand":[],"product_cat":[193,219],"product_tag":[],"class_list":{"0":"post-7945","1":"product","2":"type-product","3":"status-publish","4":"has-post-thumbnail","6":"product_cat-german","7":"product_cat-kids-german","9":"first","10":"instock","11":"taxable","12":"shipping-taxable","13":"purchasable","14":"product-type-simple"},"_links":{"self":[{"href":"https:\/\/adambookshop.com\/index.php?rest_route=\/wp\/v2\/product\/7945","targetHints":{"allow":["GET"]}}],"collection":[{"href":"https:\/\/adambookshop.com\/index.php?rest_route=\/wp\/v2\/product"}],"about":[{"href":"https:\/\/adambookshop.com\/index.php?rest_route=\/wp\/v2\/types\/product"}],"replies":[{"embeddable":true,"href":"https:\/\/adambookshop.com\/index.php?rest_route=%2Fwp%2Fv2%2Fcomments&post=7945"}],"wp:featuredmedia":[{"embeddable":true,"href":"https:\/\/adambookshop.com\/index.php?rest_route=\/wp\/v2\/media\/7946"}],"wp:attachment":[{"href":"https:\/\/adambookshop.com\/index.php?rest_route=%2Fwp%2Fv2%2Fmedia&parent=7945"}],"wp:term":[{"taxonomy":"product_brand","embeddable":true,"href":"https:\/\/adambookshop.com\/index.php?rest_route=%2Fwp%2Fv2%2Fproduct_brand&post=7945"},{"taxonomy":"product_cat","embeddable":true,"href":"https:\/\/adambookshop.com\/index.php?rest_route=%2Fwp%2Fv2%2Fproduct_cat&post=7945"},{"taxonomy":"product_tag","embeddable":true,"href":"https:\/\/adambookshop.com\/index.php?rest_route=%2Fwp%2Fv2%2Fproduct_tag&post=7945"}],"curies":[{"name":"wp","href":"https:\/\/api.w.org\/{rel}","templated":true}]}}