{"id":7389,"date":"2024-03-27T12:55:39","date_gmt":"2024-03-27T12:55:39","guid":{"rendered":"https:\/\/adambookshop.com\/product\/transforming-loss-into-beauty\/"},"modified":"2024-03-27T12:55:39","modified_gmt":"2024-03-27T12:55:39","slug":"transforming-loss-into-beauty","status":"publish","type":"product","link":"https:\/\/adambookshop.com\/?product=transforming-loss-into-beauty","title":{"rendered":"Transforming Loss into Beauty"},"content":{"rendered":"<p>The contributors to this wide-ranging work of scholarship and analysis include mentors, colleagues, friends, and students of the late Magda al-Nowaihi, an outstanding scholar of Middle East studies whose diverse interests and energy inspired numerous colleagues. The book&#8217;s first part is devoted to Arabic elegy, the subject of an unfinished work by al-Nowaihi from which this volume takes its title. Included here is a previously unpublished lecture on elegy delivered by al- Nowaihi herself. Other contributors examine this poetic form in both classical and modern contexts, from a number of angles, including the partial feminization of the genre, making this volume perhaps the most comprehensive resource on the Arabic elegy available in English. The book&#8217;s second half features essays relating to al-Nowaihi&#8217;s other research interests, especially the modern Arabic novel and its transgressive and marginalized status as literature. It deals with authors as varied as Tawfiq al-Hakim, Latifa al-Zayyat, Bensalem Himmich, and Sonallah Ibrahim. Broad in its scope and rigorous in its scholarship, this volume makes a fitting tribute to an inspiring scholar. Contributors: Roger Allen, Dina Amin, Michael Beard, Jonathan P. Decter, Alexander E. Elinson, Marl\u00e9 Hammond, Andr\u00e1s H\u00e1mori, Mervat Hatem, Wolfhart Heinrichs, Richard Jacquemond, Lital Levy, Mara Naaman, Magda al-Nowaihi, Dana Sajdi, and Christopher Stone.<\/p>\n","protected":false},"excerpt":{"rendered":"<p>ISBN:97897741610253<\/p>\n","protected":false},"featured_media":7388,"comment_status":"open","ping_status":"closed","template":"","meta":{"content-type":""},"product_brand":[],"product_cat":[221,194],"product_tag":[],"class_list":{"0":"post-7389","1":"product","2":"type-product","3":"status-publish","4":"has-post-thumbnail","6":"product_cat-arthistory","7":"product_cat-english","9":"first","10":"instock","11":"taxable","12":"shipping-taxable","13":"purchasable","14":"product-type-simple"},"_links":{"self":[{"href":"https:\/\/adambookshop.com\/index.php?rest_route=\/wp\/v2\/product\/7389","targetHints":{"allow":["GET"]}}],"collection":[{"href":"https:\/\/adambookshop.com\/index.php?rest_route=\/wp\/v2\/product"}],"about":[{"href":"https:\/\/adambookshop.com\/index.php?rest_route=\/wp\/v2\/types\/product"}],"replies":[{"embeddable":true,"href":"https:\/\/adambookshop.com\/index.php?rest_route=%2Fwp%2Fv2%2Fcomments&post=7389"}],"wp:featuredmedia":[{"embeddable":true,"href":"https:\/\/adambookshop.com\/index.php?rest_route=\/wp\/v2\/media\/7388"}],"wp:attachment":[{"href":"https:\/\/adambookshop.com\/index.php?rest_route=%2Fwp%2Fv2%2Fmedia&parent=7389"}],"wp:term":[{"taxonomy":"product_brand","embeddable":true,"href":"https:\/\/adambookshop.com\/index.php?rest_route=%2Fwp%2Fv2%2Fproduct_brand&post=7389"},{"taxonomy":"product_cat","embeddable":true,"href":"https:\/\/adambookshop.com\/index.php?rest_route=%2Fwp%2Fv2%2Fproduct_cat&post=7389"},{"taxonomy":"product_tag","embeddable":true,"href":"https:\/\/adambookshop.com\/index.php?rest_route=%2Fwp%2Fv2%2Fproduct_tag&post=7389"}],"curies":[{"name":"wp","href":"https:\/\/api.w.org\/{rel}","templated":true}]}}