{"id":6241,"date":"2024-03-18T10:50:57","date_gmt":"2024-03-18T10:50:57","guid":{"rendered":"https:\/\/adambookshop.com\/product\/farbenfrohe-vogel-malbuch-zitate\/"},"modified":"2025-11-03T16:21:08","modified_gmt":"2025-11-03T16:21:08","slug":"farbenfrohe-vogel-malbuch-zitate","status":"publish","type":"product","link":"https:\/\/adambookshop.com\/?product=farbenfrohe-vogel-malbuch-zitate","title":{"rendered":"Farbenfrohe V\u00f6gel: Malbuch &amp; Zitate"},"content":{"rendered":"<p>Das Ausmalen von Bildern entspannt und ist eine sch\u00f6ne Freizeitbesch\u00e4ftigung. Die kunstvollen Vogelbilder k\u00f6nnen farbig ausgemalt und dann herausgetrennt und aufgeh\u00e4ngt werden.<\/p>\n","protected":false},"excerpt":{"rendered":"<p>ISBN:9783863135287<\/p>\n","protected":false},"featured_media":10958,"comment_status":"open","ping_status":"closed","template":"","meta":{"content-type":""},"product_brand":[1107],"product_cat":[1108,1112],"product_tag":[],"class_list":{"0":"post-6241","1":"product","2":"type-product","3":"status-publish","4":"has-post-thumbnail","6":"product_brand-tosca-gmbh","7":"product_cat-activities-colouring-books","8":"product_cat-coloring-books","10":"first","11":"instock","12":"taxable","13":"shipping-taxable","14":"purchasable","15":"product-type-simple"},"_links":{"self":[{"href":"https:\/\/adambookshop.com\/index.php?rest_route=\/wp\/v2\/product\/6241","targetHints":{"allow":["GET"]}}],"collection":[{"href":"https:\/\/adambookshop.com\/index.php?rest_route=\/wp\/v2\/product"}],"about":[{"href":"https:\/\/adambookshop.com\/index.php?rest_route=\/wp\/v2\/types\/product"}],"replies":[{"embeddable":true,"href":"https:\/\/adambookshop.com\/index.php?rest_route=%2Fwp%2Fv2%2Fcomments&post=6241"}],"wp:featuredmedia":[{"embeddable":true,"href":"https:\/\/adambookshop.com\/index.php?rest_route=\/wp\/v2\/media\/10958"}],"wp:attachment":[{"href":"https:\/\/adambookshop.com\/index.php?rest_route=%2Fwp%2Fv2%2Fmedia&parent=6241"}],"wp:term":[{"taxonomy":"product_brand","embeddable":true,"href":"https:\/\/adambookshop.com\/index.php?rest_route=%2Fwp%2Fv2%2Fproduct_brand&post=6241"},{"taxonomy":"product_cat","embeddable":true,"href":"https:\/\/adambookshop.com\/index.php?rest_route=%2Fwp%2Fv2%2Fproduct_cat&post=6241"},{"taxonomy":"product_tag","embeddable":true,"href":"https:\/\/adambookshop.com\/index.php?rest_route=%2Fwp%2Fv2%2Fproduct_tag&post=6241"}],"curies":[{"name":"wp","href":"https:\/\/api.w.org\/{rel}","templated":true}]}}