{"id":6216,"date":"2024-03-18T10:16:53","date_gmt":"2024-03-18T10:16:53","guid":{"rendered":"https:\/\/adambookshop.com\/?post_type=product&#038;p=6216"},"modified":"2025-05-22T13:43:25","modified_gmt":"2025-05-22T13:43:25","slug":"dein-lesestart-weist-du-schon-alles-uber-fusball-ab-1-klasse","status":"publish","type":"product","link":"https:\/\/adambookshop.com\/?product=dein-lesestart-weist-du-schon-alles-uber-fusball-ab-1-klasse","title":{"rendered":"Dein Lesestart: Wei\u00dft du schon alles \u00fcber Fu\u00dfball?"},"content":{"rendered":"<p><b>Cooles Wissen \u00fcber Fu\u00dfball<\/b><\/p>\n<p>Wie wird ein Fu\u00dfball hergestellt? Wer schoss das schnellste Bundesliga-Tor? Was ist eine Bananenflanke? In diesem Wissensbuch erfahren Kinder Neues und \u00dcberraschendes \u00fcber Fu\u00dfball.<\/p>\n<p>Die Erstlese-Reihe \u00bbDein Lesestart\u00ab f\u00fcr die erste Lesestufe f\u00f6rdert den Spa\u00df am selbstst\u00e4ndigen Lesen. Gro\u00dfe Schrift und zweifarbige Silbenmarkierungen erleichtern den Leseeinstieg. Mit hervorgehobenen Schl\u00fcsselw\u00f6rtern zum Einpr\u00e4gen, Leser\u00e4tseln und Vorlesetexten f\u00fcr Lesepausen sowie zahlreichen Fotos.<\/p>\n","protected":false},"excerpt":{"rendered":"<h2>Leich<strong>ter<\/strong> le<strong>sen<\/strong> mit far<strong>bi<\/strong>gen Sil<strong>ben<\/strong><\/h2>\n<h3>Ab 1. Klasse<\/h3>\n<p>&nbsp;<\/p>\n<p>ISBN: 9783411733026<\/p>\n","protected":false},"featured_media":6217,"comment_status":"open","ping_status":"closed","template":"","meta":{"content-type":""},"product_brand":[995],"product_cat":[185,193],"product_tag":[],"class_list":{"0":"post-6216","1":"product","2":"type-product","3":"status-publish","4":"has-post-thumbnail","6":"product_brand-duden-verlag","7":"product_cat-educational","8":"product_cat-german","9":"pa_book-author-helen-seeberg","10":"pa_format-hardcover","12":"first","13":"instock","14":"taxable","15":"shipping-taxable","16":"purchasable","17":"product-type-simple"},"_links":{"self":[{"href":"https:\/\/adambookshop.com\/index.php?rest_route=\/wp\/v2\/product\/6216","targetHints":{"allow":["GET"]}}],"collection":[{"href":"https:\/\/adambookshop.com\/index.php?rest_route=\/wp\/v2\/product"}],"about":[{"href":"https:\/\/adambookshop.com\/index.php?rest_route=\/wp\/v2\/types\/product"}],"replies":[{"embeddable":true,"href":"https:\/\/adambookshop.com\/index.php?rest_route=%2Fwp%2Fv2%2Fcomments&post=6216"}],"wp:featuredmedia":[{"embeddable":true,"href":"https:\/\/adambookshop.com\/index.php?rest_route=\/wp\/v2\/media\/6217"}],"wp:attachment":[{"href":"https:\/\/adambookshop.com\/index.php?rest_route=%2Fwp%2Fv2%2Fmedia&parent=6216"}],"wp:term":[{"taxonomy":"product_brand","embeddable":true,"href":"https:\/\/adambookshop.com\/index.php?rest_route=%2Fwp%2Fv2%2Fproduct_brand&post=6216"},{"taxonomy":"product_cat","embeddable":true,"href":"https:\/\/adambookshop.com\/index.php?rest_route=%2Fwp%2Fv2%2Fproduct_cat&post=6216"},{"taxonomy":"product_tag","embeddable":true,"href":"https:\/\/adambookshop.com\/index.php?rest_route=%2Fwp%2Fv2%2Fproduct_tag&post=6216"}],"curies":[{"name":"wp","href":"https:\/\/api.w.org\/{rel}","templated":true}]}}