{"id":6208,"date":"2024-03-18T09:33:47","date_gmt":"2024-03-18T09:33:47","guid":{"rendered":"https:\/\/adambookshop.com\/?post_type=product&#038;p=6208"},"modified":"2024-03-18T09:33:48","modified_gmt":"2024-03-18T09:33:48","slug":"ubungsheft-lesen-4-klasse","status":"publish","type":"product","link":"https:\/\/adambookshop.com\/?product=ubungsheft-lesen-4-klasse","title":{"rendered":"\u00dcbungsheft &#8211; Lesen 4. Klasse"},"content":{"rendered":"<p>Dieses lehrwerkunabh\u00e4ngige \u00dcbungsheft von Duden zum Thema Lesen beinhaltet deinen kompletten Trainingsplan f\u00fcr den Stoff der 4. Kle. Wie beim Sport beginnt alles mit dem Aufw\u00e4rmen, um danach mit der entsprechenden Taktik ins Ausdauertraining zu gehen. Nach einer Aufgabe kannst du einen Smiley so anmalen, wie du dich selbst einsch\u00e4tzen w\u00fcrdest. Am Schluss jedes Themas gibt es &#8211; f\u00fcr die ganz Eifrigen &#8211; sogar eine Nachspielzeit mit kniffligen Zusatzaufgaben. Konrad und seine Freunde begleiten dich durch die Trainingseinheiten und geben wertvolle Tipps. Deinen Lernfortschritt in den Trainingseinheiten kannst du auf den bunten Auswertungsk\u00e4rtchen mithilfe von Stickern beobachten. In der Mitte des Heftes sind die L\u00f6sungen zu finden, damit man schnell schauen kann, ob alles richtig war. Das Heft ist damit sowohl f\u00fcr das eigenverantwortliche \u00dcben am Nachmittag geeignet als auch f\u00fcr die Freiarbeit im Unterricht einsetzbar.<\/p>\n","protected":false},"excerpt":{"rendered":"<p>ISBN:9783411747924<\/p>\n","protected":false},"featured_media":6209,"comment_status":"open","ping_status":"closed","template":"","meta":{"content-type":""},"product_brand":[],"product_cat":[201,185,202,193],"product_tag":[],"class_list":{"0":"post-6208","1":"product","2":"type-product","3":"status-publish","4":"has-post-thumbnail","6":"product_cat-duden","7":"product_cat-educational","8":"product_cat-educational-duden","9":"product_cat-german","11":"first","12":"instock","13":"taxable","14":"shipping-taxable","15":"purchasable","16":"product-type-simple"},"_links":{"self":[{"href":"https:\/\/adambookshop.com\/index.php?rest_route=\/wp\/v2\/product\/6208","targetHints":{"allow":["GET"]}}],"collection":[{"href":"https:\/\/adambookshop.com\/index.php?rest_route=\/wp\/v2\/product"}],"about":[{"href":"https:\/\/adambookshop.com\/index.php?rest_route=\/wp\/v2\/types\/product"}],"replies":[{"embeddable":true,"href":"https:\/\/adambookshop.com\/index.php?rest_route=%2Fwp%2Fv2%2Fcomments&post=6208"}],"wp:featuredmedia":[{"embeddable":true,"href":"https:\/\/adambookshop.com\/index.php?rest_route=\/wp\/v2\/media\/6209"}],"wp:attachment":[{"href":"https:\/\/adambookshop.com\/index.php?rest_route=%2Fwp%2Fv2%2Fmedia&parent=6208"}],"wp:term":[{"taxonomy":"product_brand","embeddable":true,"href":"https:\/\/adambookshop.com\/index.php?rest_route=%2Fwp%2Fv2%2Fproduct_brand&post=6208"},{"taxonomy":"product_cat","embeddable":true,"href":"https:\/\/adambookshop.com\/index.php?rest_route=%2Fwp%2Fv2%2Fproduct_cat&post=6208"},{"taxonomy":"product_tag","embeddable":true,"href":"https:\/\/adambookshop.com\/index.php?rest_route=%2Fwp%2Fv2%2Fproduct_tag&post=6208"}],"curies":[{"name":"wp","href":"https:\/\/api.w.org\/{rel}","templated":true}]}}