{"id":4787,"date":"2024-03-03T14:37:35","date_gmt":"2024-03-03T14:37:35","guid":{"rendered":"https:\/\/adambookshop.com\/product\/die-kunst-der-pharaonen\/"},"modified":"2024-03-03T14:37:36","modified_gmt":"2024-03-03T14:37:36","slug":"die-kunst-der-pharaonen","status":"publish","type":"product","link":"https:\/\/adambookshop.com\/?product=die-kunst-der-pharaonen","title":{"rendered":"Die Kunst der Pharaonen"},"content":{"rendered":"<p>ten evtl. etwas besto\u00dfen, als M\u00e4ngelexemplar gekennzeichnet, vorr\u00e4tig, schneller und zuverl\u00e4ssiger Versand garantiert<\/p>\n","protected":false},"excerpt":{"rendered":"<p>ISBN:9788863123883<\/p>\n","protected":false},"featured_media":4786,"comment_status":"open","ping_status":"closed","template":"","meta":{"content-type":""},"product_brand":[],"product_cat":[222,193],"product_tag":[],"class_list":{"0":"post-4787","1":"product","2":"type-product","3":"status-publish","4":"has-post-thumbnail","6":"product_cat-arthistory-german","7":"product_cat-german","9":"first","10":"instock","11":"taxable","12":"shipping-taxable","13":"purchasable","14":"product-type-simple"},"_links":{"self":[{"href":"https:\/\/adambookshop.com\/index.php?rest_route=\/wp\/v2\/product\/4787","targetHints":{"allow":["GET"]}}],"collection":[{"href":"https:\/\/adambookshop.com\/index.php?rest_route=\/wp\/v2\/product"}],"about":[{"href":"https:\/\/adambookshop.com\/index.php?rest_route=\/wp\/v2\/types\/product"}],"replies":[{"embeddable":true,"href":"https:\/\/adambookshop.com\/index.php?rest_route=%2Fwp%2Fv2%2Fcomments&post=4787"}],"wp:featuredmedia":[{"embeddable":true,"href":"https:\/\/adambookshop.com\/index.php?rest_route=\/wp\/v2\/media\/4786"}],"wp:attachment":[{"href":"https:\/\/adambookshop.com\/index.php?rest_route=%2Fwp%2Fv2%2Fmedia&parent=4787"}],"wp:term":[{"taxonomy":"product_brand","embeddable":true,"href":"https:\/\/adambookshop.com\/index.php?rest_route=%2Fwp%2Fv2%2Fproduct_brand&post=4787"},{"taxonomy":"product_cat","embeddable":true,"href":"https:\/\/adambookshop.com\/index.php?rest_route=%2Fwp%2Fv2%2Fproduct_cat&post=4787"},{"taxonomy":"product_tag","embeddable":true,"href":"https:\/\/adambookshop.com\/index.php?rest_route=%2Fwp%2Fv2%2Fproduct_tag&post=4787"}],"curies":[{"name":"wp","href":"https:\/\/api.w.org\/{rel}","templated":true}]}}