{"id":4773,"date":"2024-03-03T14:37:16","date_gmt":"2024-03-03T14:37:16","guid":{"rendered":"https:\/\/adambookshop.com\/product\/die-froschkonigin\/"},"modified":"2024-07-31T13:53:08","modified_gmt":"2024-07-31T13:53:08","slug":"die-froschkonigin","status":"publish","type":"product","link":"https:\/\/adambookshop.com\/?product=die-froschkonigin","title":{"rendered":"Die Froschk\u00f6nigin"},"content":{"rendered":"<p>Es war einmal eine Prinzessin, die f\u00fchlte sich sehr ungl\u00fccklich.&gt;Ich will nicht l\u00e4nger allein im gro\u00dfen Schloss wohnen. Ich will nicht l\u00e4nger allein im breiten Bett schlafen. Ich will einen Prinzen. Eine echte Prinzessin braucht einen Prinzen!&lt; Aber Prinzen waren selten geworden. Doch dann taucht ein Frosch mit Krone auf und pl\u00f6tzlich kommt alles ganz anders &#8230;<\/p>\n","protected":false},"excerpt":{"rendered":"<p>ISBN:9783219115093<\/p>\n","protected":false},"featured_media":4772,"comment_status":"open","ping_status":"closed","template":"","meta":{"content-type":""},"product_brand":[],"product_cat":[193,219],"product_tag":[],"class_list":{"0":"post-4773","1":"product","2":"type-product","3":"status-publish","4":"has-post-thumbnail","6":"product_cat-german","7":"product_cat-kids-german","9":"first","10":"instock","11":"taxable","12":"shipping-taxable","13":"purchasable","14":"product-type-simple"},"_links":{"self":[{"href":"https:\/\/adambookshop.com\/index.php?rest_route=\/wp\/v2\/product\/4773","targetHints":{"allow":["GET"]}}],"collection":[{"href":"https:\/\/adambookshop.com\/index.php?rest_route=\/wp\/v2\/product"}],"about":[{"href":"https:\/\/adambookshop.com\/index.php?rest_route=\/wp\/v2\/types\/product"}],"replies":[{"embeddable":true,"href":"https:\/\/adambookshop.com\/index.php?rest_route=%2Fwp%2Fv2%2Fcomments&post=4773"}],"wp:featuredmedia":[{"embeddable":true,"href":"https:\/\/adambookshop.com\/index.php?rest_route=\/wp\/v2\/media\/4772"}],"wp:attachment":[{"href":"https:\/\/adambookshop.com\/index.php?rest_route=%2Fwp%2Fv2%2Fmedia&parent=4773"}],"wp:term":[{"taxonomy":"product_brand","embeddable":true,"href":"https:\/\/adambookshop.com\/index.php?rest_route=%2Fwp%2Fv2%2Fproduct_brand&post=4773"},{"taxonomy":"product_cat","embeddable":true,"href":"https:\/\/adambookshop.com\/index.php?rest_route=%2Fwp%2Fv2%2Fproduct_cat&post=4773"},{"taxonomy":"product_tag","embeddable":true,"href":"https:\/\/adambookshop.com\/index.php?rest_route=%2Fwp%2Fv2%2Fproduct_tag&post=4773"}],"curies":[{"name":"wp","href":"https:\/\/api.w.org\/{rel}","templated":true}]}}