{"id":4767,"date":"2024-03-03T14:37:11","date_gmt":"2024-03-03T14:37:11","guid":{"rendered":"https:\/\/adambookshop.com\/product\/lieder-und-geschichten-von-der-feuerwehr\/"},"modified":"2024-03-03T14:37:11","modified_gmt":"2024-03-03T14:37:11","slug":"lieder-und-geschichten-von-der-feuerwehr","status":"publish","type":"product","link":"https:\/\/adambookshop.com\/?product=lieder-und-geschichten-von-der-feuerwehr","title":{"rendered":"Lieder und Geschichten von der Feuerwehr"},"content":{"rendered":"<p>Ein Buch das jedem Feuerwehr-Begeisterten Spa\u00df macht: Neben den Abenteuern schwei\u00dft auch die Kameradschaft unter den Feuerwehrm\u00e4nnern zusammen. Anhand des kleinen Feuerwehrmanns Max zeigt das Buch auf, welche Ausr\u00fcstung ein Feuerwehrmann ben\u00f6tigt und was er so alles erlebt: von der Feuer\u00fcbung bis zum Einsatz beim Hausbrand. Heitere Feuerwehrlieder zum Mitsingen und zur Begleitung auf der Gitarre finden sich au\u00dferdem auf der beiliegenden CD.<\/p>\n","protected":false},"excerpt":{"rendered":"<p>ISBN:9783957062017<\/p>\n","protected":false},"featured_media":4766,"comment_status":"open","ping_status":"closed","template":"","meta":{"content-type":""},"product_brand":[],"product_cat":[193,219],"product_tag":[],"class_list":{"0":"post-4767","1":"product","2":"type-product","3":"status-publish","4":"has-post-thumbnail","6":"product_cat-german","7":"product_cat-kids-german","9":"first","10":"instock","11":"taxable","12":"shipping-taxable","13":"purchasable","14":"product-type-simple"},"_links":{"self":[{"href":"https:\/\/adambookshop.com\/index.php?rest_route=\/wp\/v2\/product\/4767","targetHints":{"allow":["GET"]}}],"collection":[{"href":"https:\/\/adambookshop.com\/index.php?rest_route=\/wp\/v2\/product"}],"about":[{"href":"https:\/\/adambookshop.com\/index.php?rest_route=\/wp\/v2\/types\/product"}],"replies":[{"embeddable":true,"href":"https:\/\/adambookshop.com\/index.php?rest_route=%2Fwp%2Fv2%2Fcomments&post=4767"}],"wp:featuredmedia":[{"embeddable":true,"href":"https:\/\/adambookshop.com\/index.php?rest_route=\/wp\/v2\/media\/4766"}],"wp:attachment":[{"href":"https:\/\/adambookshop.com\/index.php?rest_route=%2Fwp%2Fv2%2Fmedia&parent=4767"}],"wp:term":[{"taxonomy":"product_brand","embeddable":true,"href":"https:\/\/adambookshop.com\/index.php?rest_route=%2Fwp%2Fv2%2Fproduct_brand&post=4767"},{"taxonomy":"product_cat","embeddable":true,"href":"https:\/\/adambookshop.com\/index.php?rest_route=%2Fwp%2Fv2%2Fproduct_cat&post=4767"},{"taxonomy":"product_tag","embeddable":true,"href":"https:\/\/adambookshop.com\/index.php?rest_route=%2Fwp%2Fv2%2Fproduct_tag&post=4767"}],"curies":[{"name":"wp","href":"https:\/\/api.w.org\/{rel}","templated":true}]}}