{"id":4723,"date":"2024-03-03T14:36:24","date_gmt":"2024-03-03T14:36:24","guid":{"rendered":"https:\/\/adambookshop.com\/product\/unser-bauernhof\/"},"modified":"2024-03-03T14:36:24","modified_gmt":"2024-03-03T14:36:24","slug":"unser-bauernhof","status":"publish","type":"product","link":"https:\/\/adambookshop.com\/?product=unser-bauernhof","title":{"rendered":"Unser Bauernhof"},"content":{"rendered":"<p>Paula lebt mit ihrer Familie auf dem Bauernhof und dort gibt es immer etwas zu tun. In einer liebvoll illustrierten Geschichte mit Noten und Gitarrengriffen erfahren wir, dass so ein Tag auf dem Bauernhof auch ziemlich aufregend sein kann, ob es nun um das Melken der K\u00fche, das F\u00fcttern der H\u00fchner oder die Getreideernte geht. Begleitet werden Paulas Erlebnisse von mehr als zehn lustigen und fr\u00f6hlichen Liedern \u00fcber den Bauernhof und seine Bewohner. Auf der beiliegenden CD werden die Geschichten kindgerecht erz\u00e4hlt und von den Liedern untermalt, zus\u00e4tzlich befinden sich auf der CD 11 Playbacks zum Nachsingen. F\u00fcr Gro\u00df und Klein ein wunderbares H\u00f6rvergn\u00fcgen!<\/p>\n","protected":false},"excerpt":{"rendered":"<p>ISBN:9783937640792<\/p>\n","protected":false},"featured_media":4722,"comment_status":"open","ping_status":"closed","template":"","meta":{"content-type":""},"product_brand":[],"product_cat":[193,219],"product_tag":[],"class_list":{"0":"post-4723","1":"product","2":"type-product","3":"status-publish","4":"has-post-thumbnail","6":"product_cat-german","7":"product_cat-kids-german","9":"first","10":"instock","11":"taxable","12":"shipping-taxable","13":"purchasable","14":"product-type-simple"},"_links":{"self":[{"href":"https:\/\/adambookshop.com\/index.php?rest_route=\/wp\/v2\/product\/4723","targetHints":{"allow":["GET"]}}],"collection":[{"href":"https:\/\/adambookshop.com\/index.php?rest_route=\/wp\/v2\/product"}],"about":[{"href":"https:\/\/adambookshop.com\/index.php?rest_route=\/wp\/v2\/types\/product"}],"replies":[{"embeddable":true,"href":"https:\/\/adambookshop.com\/index.php?rest_route=%2Fwp%2Fv2%2Fcomments&post=4723"}],"wp:featuredmedia":[{"embeddable":true,"href":"https:\/\/adambookshop.com\/index.php?rest_route=\/wp\/v2\/media\/4722"}],"wp:attachment":[{"href":"https:\/\/adambookshop.com\/index.php?rest_route=%2Fwp%2Fv2%2Fmedia&parent=4723"}],"wp:term":[{"taxonomy":"product_brand","embeddable":true,"href":"https:\/\/adambookshop.com\/index.php?rest_route=%2Fwp%2Fv2%2Fproduct_brand&post=4723"},{"taxonomy":"product_cat","embeddable":true,"href":"https:\/\/adambookshop.com\/index.php?rest_route=%2Fwp%2Fv2%2Fproduct_cat&post=4723"},{"taxonomy":"product_tag","embeddable":true,"href":"https:\/\/adambookshop.com\/index.php?rest_route=%2Fwp%2Fv2%2Fproduct_tag&post=4723"}],"curies":[{"name":"wp","href":"https:\/\/api.w.org\/{rel}","templated":true}]}}