{"id":4716,"date":"2024-03-03T14:36:18","date_gmt":"2024-03-03T14:36:18","guid":{"rendered":"https:\/\/adambookshop.com\/product\/rentner-witze-2\/"},"modified":"2024-03-03T14:36:18","modified_gmt":"2024-03-03T14:36:18","slug":"rentner-witze-2","status":"publish","type":"product","link":"https:\/\/adambookshop.com\/?product=rentner-witze-2","title":{"rendered":"Rentner-Witze"},"content":{"rendered":"<p>Condici\u00f3n: Neu. Neu -In zahlreichen Anekdoten erz\u00e4hlt dieses Buch vom Auf und Ab im Alltag eines Rentners.Ideal f\u00fcr Senioren, die sich stets ihren Humor bewahrt haben und auch mal \u00fcber sich selbst lachen k\u00f6nnen. Wattiertes und gepr\u00e4gtes Cover mit UV-Lackierung. N\u00ba de ref.<\/p>\n","protected":false},"excerpt":{"rendered":"<p>ISBN:9783897369030<\/p>\n","protected":false},"featured_media":4616,"comment_status":"open","ping_status":"closed","template":"","meta":{"content-type":""},"product_brand":[],"product_cat":[193,217],"product_tag":[],"class_list":{"0":"post-4716","1":"product","2":"type-product","3":"status-publish","4":"has-post-thumbnail","6":"product_cat-german","7":"product_cat-novels-german","9":"first","10":"instock","11":"taxable","12":"shipping-taxable","13":"purchasable","14":"product-type-simple"},"_links":{"self":[{"href":"https:\/\/adambookshop.com\/index.php?rest_route=\/wp\/v2\/product\/4716","targetHints":{"allow":["GET"]}}],"collection":[{"href":"https:\/\/adambookshop.com\/index.php?rest_route=\/wp\/v2\/product"}],"about":[{"href":"https:\/\/adambookshop.com\/index.php?rest_route=\/wp\/v2\/types\/product"}],"replies":[{"embeddable":true,"href":"https:\/\/adambookshop.com\/index.php?rest_route=%2Fwp%2Fv2%2Fcomments&post=4716"}],"wp:featuredmedia":[{"embeddable":true,"href":"https:\/\/adambookshop.com\/index.php?rest_route=\/wp\/v2\/media\/4616"}],"wp:attachment":[{"href":"https:\/\/adambookshop.com\/index.php?rest_route=%2Fwp%2Fv2%2Fmedia&parent=4716"}],"wp:term":[{"taxonomy":"product_brand","embeddable":true,"href":"https:\/\/adambookshop.com\/index.php?rest_route=%2Fwp%2Fv2%2Fproduct_brand&post=4716"},{"taxonomy":"product_cat","embeddable":true,"href":"https:\/\/adambookshop.com\/index.php?rest_route=%2Fwp%2Fv2%2Fproduct_cat&post=4716"},{"taxonomy":"product_tag","embeddable":true,"href":"https:\/\/adambookshop.com\/index.php?rest_route=%2Fwp%2Fv2%2Fproduct_tag&post=4716"}],"curies":[{"name":"wp","href":"https:\/\/api.w.org\/{rel}","templated":true}]}}