{"id":4704,"date":"2024-03-03T14:36:08","date_gmt":"2024-03-03T14:36:08","guid":{"rendered":"https:\/\/adambookshop.com\/product\/mach-10-meisterdetektive-2\/"},"modified":"2024-03-03T14:36:08","modified_gmt":"2024-03-03T14:36:08","slug":"mach-10-meisterdetektive-2","status":"publish","type":"product","link":"https:\/\/adambookshop.com\/?product=mach-10-meisterdetektive-2","title":{"rendered":"Mach 10! Meisterdetektive"},"content":{"rendered":"<p>Immer nur 10? Das schafft jedes Kind! Das kunterbunte R\u00e4tsel- und Knobelheft bietet viele \u00dcbungen und Aktivit\u00e4ten f\u00fcr den kurzweiligen Lernspa\u00df zwischendurch. Ob allein oder zu zweit &#8211; hier wird trickreich zum Lieblingsthema &#8220;Meisterdetektive&#8221; ge\u00fcbt und geknobelt. Mit Logikr\u00e4tseln, mathematischen R\u00e4tseln, Sprachspielen, Zauberquadraten, Wortschatz\u00fcbungen uvm.<\/p>\n","protected":false},"excerpt":{"rendered":"<p>ISBN:9783411720385<\/p>\n","protected":false},"featured_media":4592,"comment_status":"open","ping_status":"closed","template":"","meta":{"content-type":""},"product_brand":[],"product_cat":[201,193],"product_tag":[],"class_list":{"0":"post-4704","1":"product","2":"type-product","3":"status-publish","4":"has-post-thumbnail","6":"product_cat-duden","7":"product_cat-german","9":"first","10":"instock","11":"taxable","12":"shipping-taxable","13":"purchasable","14":"product-type-simple"},"_links":{"self":[{"href":"https:\/\/adambookshop.com\/index.php?rest_route=\/wp\/v2\/product\/4704","targetHints":{"allow":["GET"]}}],"collection":[{"href":"https:\/\/adambookshop.com\/index.php?rest_route=\/wp\/v2\/product"}],"about":[{"href":"https:\/\/adambookshop.com\/index.php?rest_route=\/wp\/v2\/types\/product"}],"replies":[{"embeddable":true,"href":"https:\/\/adambookshop.com\/index.php?rest_route=%2Fwp%2Fv2%2Fcomments&post=4704"}],"wp:featuredmedia":[{"embeddable":true,"href":"https:\/\/adambookshop.com\/index.php?rest_route=\/wp\/v2\/media\/4592"}],"wp:attachment":[{"href":"https:\/\/adambookshop.com\/index.php?rest_route=%2Fwp%2Fv2%2Fmedia&parent=4704"}],"wp:term":[{"taxonomy":"product_brand","embeddable":true,"href":"https:\/\/adambookshop.com\/index.php?rest_route=%2Fwp%2Fv2%2Fproduct_brand&post=4704"},{"taxonomy":"product_cat","embeddable":true,"href":"https:\/\/adambookshop.com\/index.php?rest_route=%2Fwp%2Fv2%2Fproduct_cat&post=4704"},{"taxonomy":"product_tag","embeddable":true,"href":"https:\/\/adambookshop.com\/index.php?rest_route=%2Fwp%2Fv2%2Fproduct_tag&post=4704"}],"curies":[{"name":"wp","href":"https:\/\/api.w.org\/{rel}","templated":true}]}}