{"id":4597,"date":"2024-03-02T14:49:00","date_gmt":"2024-03-02T14:49:00","guid":{"rendered":"https:\/\/adambookshop.com\/product\/rotkappchen-2\/"},"modified":"2024-03-02T14:49:00","modified_gmt":"2024-03-02T14:49:00","slug":"rotkappchen-2","status":"publish","type":"product","link":"https:\/\/adambookshop.com\/?product=rotkappchen-2","title":{"rendered":"Rotk\u00e4ppchen"},"content":{"rendered":"<p>Schon seit etlichen Generationen warnt das M\u00e4rchen vom arglosen Rotk\u00e4ppchen die kleinen Kinder davor, Fremden allzu vertrauensvoll zu begegnen. Die Illustratorin GAB Heller hat die alte Geschichte in die Gegenwart geholt. Unter Beibehaltung des historischen Textes schuf sie hier ein Kleinod moderner Buchkunst. Obwohl sie weitgehend auf Farben verzichtete, mutet das M\u00e4rchen wie ein buntes Feuerwerk der Phantasie an; allein die Wolken, B\u00e4ume, B\u00fcsche und Blumen zu betrachten bereitet ein ungeteiltes Vergn\u00fcgen bei alledem, was es darin, darauf oder darunter zu entdecken gibt.<\/p>\n","protected":false},"excerpt":{"rendered":"<p>ISBN:9783849423001<\/p>\n","protected":false},"featured_media":4596,"comment_status":"open","ping_status":"closed","template":"","meta":{"content-type":""},"product_brand":[],"product_cat":[193,219],"product_tag":[],"class_list":{"0":"post-4597","1":"product","2":"type-product","3":"status-publish","4":"has-post-thumbnail","6":"product_cat-german","7":"product_cat-kids-german","9":"first","10":"instock","11":"taxable","12":"shipping-taxable","13":"purchasable","14":"product-type-simple"},"_links":{"self":[{"href":"https:\/\/adambookshop.com\/index.php?rest_route=\/wp\/v2\/product\/4597","targetHints":{"allow":["GET"]}}],"collection":[{"href":"https:\/\/adambookshop.com\/index.php?rest_route=\/wp\/v2\/product"}],"about":[{"href":"https:\/\/adambookshop.com\/index.php?rest_route=\/wp\/v2\/types\/product"}],"replies":[{"embeddable":true,"href":"https:\/\/adambookshop.com\/index.php?rest_route=%2Fwp%2Fv2%2Fcomments&post=4597"}],"wp:featuredmedia":[{"embeddable":true,"href":"https:\/\/adambookshop.com\/index.php?rest_route=\/wp\/v2\/media\/4596"}],"wp:attachment":[{"href":"https:\/\/adambookshop.com\/index.php?rest_route=%2Fwp%2Fv2%2Fmedia&parent=4597"}],"wp:term":[{"taxonomy":"product_brand","embeddable":true,"href":"https:\/\/adambookshop.com\/index.php?rest_route=%2Fwp%2Fv2%2Fproduct_brand&post=4597"},{"taxonomy":"product_cat","embeddable":true,"href":"https:\/\/adambookshop.com\/index.php?rest_route=%2Fwp%2Fv2%2Fproduct_cat&post=4597"},{"taxonomy":"product_tag","embeddable":true,"href":"https:\/\/adambookshop.com\/index.php?rest_route=%2Fwp%2Fv2%2Fproduct_tag&post=4597"}],"curies":[{"name":"wp","href":"https:\/\/api.w.org\/{rel}","templated":true}]}}