{"id":4043,"date":"2024-02-22T18:14:34","date_gmt":"2024-02-22T18:14:34","guid":{"rendered":"https:\/\/adambookshop.com\/?post_type=product&#038;p=4043"},"modified":"2026-02-28T20:51:20","modified_gmt":"2026-02-28T20:51:20","slug":"diary-of-a-wimpy-kid-diper-overlode","status":"publish","type":"product","link":"https:\/\/adambookshop.com\/?product=diary-of-a-wimpy-kid-diper-overlode","title":{"rendered":"diary of a wimpy kid diper overlode"},"content":{"rendered":"<div id=\"bookDescription_feature_div\" class=\"celwidget\" data-feature-name=\"bookDescription\" data-csa-c-type=\"widget\" data-csa-c-content-id=\"bookDescription\" data-csa-c-slot-id=\"bookDescription_feature_div\" data-csa-c-asin=\"024158308X\" data-csa-c-is-in-initial-active-row=\"false\" data-csa-c-id=\"woln40-jxxhrc-5cspxg-7ozyqo\" data-cel-widget=\"bookDescription_feature_div\">\n<div class=\"a-expander-collapsed-height a-row a-expander-container a-spacing-base a-expander-partial-collapse-container\" data-a-expander-name=\"book_description_expander\" data-a-expander-collapsed-height=\"280\">\n<div class=\"a-expander-content a-expander-partial-collapse-content\" aria-expanded=\"false\">\n<p>Greg Heffley is finding out that the road to fame and glory comes with some hard knocks.<\/p>\n<p>When he decides to tag along with his teenage brother Rodrick&#8217;s band, L\u00f6ded Diper, Greg doesn&#8217;t realize what he&#8217;s getting into. But he soon learns that late nights, unpaid gigs, fights between band members and money troubles are all part of the rock &#8216;n&#8217; roll lifestyle.<\/p>\n<p>Can Greg help L\u00f6ded Diper become the legends they think they are? Or will too much time with Rodrick&#8217;s band be a Diper \u00d6verl\u00f6de?<\/p>\n<\/div>\n<\/div>\n<\/div>\n<div id=\"globalStoreInfoBullets_feature_div\" class=\"celwidget\" data-feature-name=\"globalStoreInfoBullets\" data-csa-c-type=\"widget\" data-csa-c-content-id=\"globalStoreInfoBullets\" data-csa-c-slot-id=\"globalStoreInfoBullets_feature_div\" data-csa-c-asin=\"024158308X\" data-csa-c-is-in-initial-active-row=\"false\" data-csa-c-id=\"wj4liz-g23dxv-vkiwzr-9rdza0\" data-cel-widget=\"globalStoreInfoBullets_feature_div\"><\/div>\n<div id=\"buyingOptionNostosBadge_feature_div\" class=\"celwidget\" data-feature-name=\"buyingOptionNostosBadge\" data-csa-c-type=\"widget\" data-csa-c-content-id=\"buyingOptionNostosBadge\" data-csa-c-slot-id=\"buyingOptionNostosBadge_feature_div\" data-csa-c-asin=\"024158308X\" data-csa-c-is-in-initial-active-row=\"false\" data-csa-c-id=\"u54sji-rotopk-8e2l7h-5cuz19\" data-cel-widget=\"buyingOptionNostosBadge_feature_div\"><\/div>\n<div id=\"tellAmazon_feature_div\" class=\"celwidget\" data-feature-name=\"tellAmazon\" data-csa-c-type=\"widget\" data-csa-c-content-id=\"tellAmazon\" data-csa-c-slot-id=\"tellAmazon_feature_div\" data-csa-c-asin=\"024158308X\" data-csa-c-is-in-initial-active-row=\"false\" data-csa-c-id=\"k8216y-a9cav2-tf1bm3-vauq9p\" data-cel-widget=\"tellAmazon_feature_div\">\n<div class=\"celwidget c-f\" data-csa-op-log-render=\"\" data-csa-c-content-id=\"DsUnknown\" data-csa-c-slot-id=\"DsUnknown-5\" data-csa-c-type=\"widget\" data-csa-c-painter=\"tell-amazon-desktop-cards\" data-csa-c-id=\"25tcxz-urgi0j-ti9fqw-b90uaf\" data-cel-widget=\"tell-amazon-desktop_DetailPage_4\">\n<div id=\"CardInstancenl4S0-XoZosxudk6ErWAiw\" data-card-metrics-id=\"tell-amazon-desktop_DetailPage_4\" data-acp-tracking=\"{}\" data-mix-claimed=\"true\">\n<div class=\"_tell-amazon-desktop_style_tell_amazon_div__1YDZk\" data-asin=\"024158308X\" data-marketplace=\"ATVPDKIKX0DER\" data-logged-in=\"false\"><\/div>\n<\/div>\n<\/div>\n<\/div>\n","protected":false},"excerpt":{"rendered":"<p>ISBN:978-0-241-58308-1<\/p>\n","protected":false},"featured_media":4044,"comment_status":"open","ping_status":"closed","template":"","meta":{"content-type":""},"product_brand":[],"product_cat":[194,207],"product_tag":[],"class_list":{"0":"post-4043","1":"product","2":"type-product","3":"status-publish","4":"has-post-thumbnail","6":"product_cat-english","7":"product_cat-story-english","9":"first","10":"instock","11":"taxable","12":"shipping-taxable","13":"purchasable","14":"product-type-simple"},"_links":{"self":[{"href":"https:\/\/adambookshop.com\/index.php?rest_route=\/wp\/v2\/product\/4043","targetHints":{"allow":["GET"]}}],"collection":[{"href":"https:\/\/adambookshop.com\/index.php?rest_route=\/wp\/v2\/product"}],"about":[{"href":"https:\/\/adambookshop.com\/index.php?rest_route=\/wp\/v2\/types\/product"}],"replies":[{"embeddable":true,"href":"https:\/\/adambookshop.com\/index.php?rest_route=%2Fwp%2Fv2%2Fcomments&post=4043"}],"wp:featuredmedia":[{"embeddable":true,"href":"https:\/\/adambookshop.com\/index.php?rest_route=\/wp\/v2\/media\/4044"}],"wp:attachment":[{"href":"https:\/\/adambookshop.com\/index.php?rest_route=%2Fwp%2Fv2%2Fmedia&parent=4043"}],"wp:term":[{"taxonomy":"product_brand","embeddable":true,"href":"https:\/\/adambookshop.com\/index.php?rest_route=%2Fwp%2Fv2%2Fproduct_brand&post=4043"},{"taxonomy":"product_cat","embeddable":true,"href":"https:\/\/adambookshop.com\/index.php?rest_route=%2Fwp%2Fv2%2Fproduct_cat&post=4043"},{"taxonomy":"product_tag","embeddable":true,"href":"https:\/\/adambookshop.com\/index.php?rest_route=%2Fwp%2Fv2%2Fproduct_tag&post=4043"}],"curies":[{"name":"wp","href":"https:\/\/api.w.org\/{rel}","templated":true}]}}