{"id":3252,"date":"2024-02-05T14:23:12","date_gmt":"2024-02-05T14:23:12","guid":{"rendered":"http:\/\/adam-bookshop.local\/product\/prima-ankommen-im-fachunterricht-geschichteerdkunde-politik\/"},"modified":"2025-05-11T14:35:45","modified_gmt":"2025-05-11T14:35:45","slug":"prima-ankommen-im-fachunterricht-geschichteerdkunde-politik","status":"publish","type":"product","link":"https:\/\/adambookshop.com\/?product=prima-ankommen-im-fachunterricht-geschichteerdkunde-politik","title":{"rendered":"Prima ankommen \u00b7 Im Fachunterricht"},"content":{"rendered":"<div class=\"cv-column cv-column--l-8 cv-column--m-8 cv-column--s-12 cv-product__content-column-title\">\n<h1 class=\"cv-product__title\"><span class=\"cv-product__title-info\">Arbeitsbuch DaZ mit L\u00f6sungen<\/span><\/h1>\n<\/div>\n<div class=\"cv-column cv-column--l-8 cv-column--m-8 cv-column--s-12 cv-product__content-column-description\">\n<section class=\"cv-product__description\">\n<div class=\"cv-product__expansion-bar cv-expansion-bar\" data-component=\"TextCollapse\" data-prop-collapsed-height=\"100\" data-prop-collapsed-height-mobile=\"100\" data-prop-is-text-collapse-with-preview=\"true\" data-prop-content-id=\"collapsable-content-description-text\" data-prop-button-id=\"expand-content-button-description-text\">\n<div id=\"collapsable-content-description-text\" class=\"cv-expansion-bar__content-preview\" aria-hidden=\"false\">\n<div class=\"cv-product__description-item-description\">\n<div class=\"pim-producttext-standard\">Fachinhalte<\/p>\n<ul>\n<li>Geschichte: Europa im Mittelalter, Zeit der Entdeckungen, Absolutismus, Industrielle Revolution, Durchbruch der Moderne, Grundz\u00fcge der Geschichte des 20. Jahrhunderts<\/li>\n<li>Erdkunde: Klima- und Vegetationszonen der Erde, Kr\u00e4fte der Natur, Nachhaltigkeit, Die Tragf\u00e4higkeit der Erde (Weltbev\u00f6lkerung), Globaler Klimawandel<\/li>\n<li>Politik: Demokratische Grundprinzipien wie Grundrechte, Wahlen und Verfassung, Medien im Alltag, Die Europ\u00e4ische Union, Frieden und Zukunft sichern (UNO)<\/li>\n<\/ul>\n<\/div>\n<\/div>\n<\/div>\n<\/div>\n<\/section>\n<\/div>\n","protected":false},"excerpt":{"rendered":"<h1 class=\"cv-product__title\"><span class=\"cv-product__title-subheading\">Geschichte, Erdkunde, Politik: Klasse 7-10<\/span><\/h1>\n<p>ISBN: 978-3-06-065610-3<\/p>\n","protected":false},"featured_media":3169,"comment_status":"open","ping_status":"closed","template":"","meta":{"content-type":""},"product_brand":[233],"product_cat":[185,193],"product_tag":[],"class_list":{"0":"post-3252","1":"product","2":"type-product","3":"status-publish","4":"has-post-thumbnail","6":"product_brand-cornelsen-verlag","7":"product_cat-educational","8":"product_cat-german","10":"first","11":"instock","12":"taxable","13":"shipping-taxable","14":"purchasable","15":"product-type-simple"},"_links":{"self":[{"href":"https:\/\/adambookshop.com\/index.php?rest_route=\/wp\/v2\/product\/3252","targetHints":{"allow":["GET"]}}],"collection":[{"href":"https:\/\/adambookshop.com\/index.php?rest_route=\/wp\/v2\/product"}],"about":[{"href":"https:\/\/adambookshop.com\/index.php?rest_route=\/wp\/v2\/types\/product"}],"replies":[{"embeddable":true,"href":"https:\/\/adambookshop.com\/index.php?rest_route=%2Fwp%2Fv2%2Fcomments&post=3252"}],"wp:featuredmedia":[{"embeddable":true,"href":"https:\/\/adambookshop.com\/index.php?rest_route=\/wp\/v2\/media\/3169"}],"wp:attachment":[{"href":"https:\/\/adambookshop.com\/index.php?rest_route=%2Fwp%2Fv2%2Fmedia&parent=3252"}],"wp:term":[{"taxonomy":"product_brand","embeddable":true,"href":"https:\/\/adambookshop.com\/index.php?rest_route=%2Fwp%2Fv2%2Fproduct_brand&post=3252"},{"taxonomy":"product_cat","embeddable":true,"href":"https:\/\/adambookshop.com\/index.php?rest_route=%2Fwp%2Fv2%2Fproduct_cat&post=3252"},{"taxonomy":"product_tag","embeddable":true,"href":"https:\/\/adambookshop.com\/index.php?rest_route=%2Fwp%2Fv2%2Fproduct_tag&post=3252"}],"curies":[{"name":"wp","href":"https:\/\/api.w.org\/{rel}","templated":true}]}}