{"id":3245,"date":"2024-02-05T14:23:09","date_gmt":"2024-02-05T14:23:09","guid":{"rendered":"http:\/\/adam-bookshop.local\/product\/panorama-testheft\/"},"modified":"2025-05-04T14:01:00","modified_gmt":"2025-05-04T14:01:00","slug":"panorama-testheft","status":"publish","type":"product","link":"https:\/\/adambookshop.com\/?product=panorama-testheft","title":{"rendered":"Panorama \u00b7 Deutsch als Fremdsprache"},"content":{"rendered":"<div class=\"cv-column cv-column--l-8 cv-column--m-8 cv-column--s-12 cv-product__content-column-title\">\n<h1 class=\"cv-product__title\"><span class=\"cv-product__title-info\">Testheft A1<br \/>\nMit H\u00f6r-CD<\/span><\/h1>\n<\/div>\n<div class=\"cv-column cv-column--l-8 cv-column--m-8 cv-column--s-12 cv-product__content-column-description\">\n<section class=\"cv-product__description\">\n<div class=\"cv-product__expansion-bar cv-expansion-bar cv-expansion-bar--hidden\" data-component=\"TextCollapse\" data-prop-collapsed-height=\"100\" data-prop-collapsed-height-mobile=\"100\" data-prop-is-text-collapse-with-preview=\"true\" data-prop-content-id=\"collapsable-content-description-text\" data-prop-button-id=\"expand-content-button-description-text\">\n<div id=\"collapsable-content-description-text\" class=\"cv-expansion-bar__content-preview\" aria-hidden=\"true\">\n<div class=\"cv-product__description-item-description\">\n<div class=\"pim-producttext-standard\"><b>Testhefte mit Audio-CD<\/b>Die Testhefte helfen die Lernfortschritte Ihrer Kursteilnehmer objektiv zu \u00fcberpr\u00fcfen und sie auf die Pr\u00fcfungen\u00a0<i>Start Deutsch 1<\/i>,\u00a0<i>Start Deutsch 2<\/i>\u00a0bzw. die\u00a0<i>Zertifikate B1<\/i>\u00a0vorzubereiten. Die beiliegende Audio-CD enth\u00e4lt die Texte zu allen H\u00f6rverstehensaufgaben.<\/p>\n<p>&nbsp;<\/p>\n<\/div>\n<\/div>\n<\/div>\n<\/div>\n<\/section>\n<\/div>\n","protected":false},"excerpt":{"rendered":"<h1 class=\"cv-product__title\"><span class=\"cv-product__title-subheading\">A1: Gesamtband<\/span><\/h1>\n<p>ISBN: 978-3-06-120487-7<\/p>\n","protected":false},"featured_media":3155,"comment_status":"open","ping_status":"closed","template":"","meta":{"content-type":""},"product_brand":[233],"product_cat":[193,184],"product_tag":[],"class_list":{"0":"post-3245","1":"product","2":"type-product","3":"status-publish","4":"has-post-thumbnail","6":"product_brand-cornelsen-verlag","7":"product_cat-german","8":"product_cat-german-courses","10":"first","11":"instock","12":"taxable","13":"shipping-taxable","14":"purchasable","15":"product-type-simple"},"_links":{"self":[{"href":"https:\/\/adambookshop.com\/index.php?rest_route=\/wp\/v2\/product\/3245","targetHints":{"allow":["GET"]}}],"collection":[{"href":"https:\/\/adambookshop.com\/index.php?rest_route=\/wp\/v2\/product"}],"about":[{"href":"https:\/\/adambookshop.com\/index.php?rest_route=\/wp\/v2\/types\/product"}],"replies":[{"embeddable":true,"href":"https:\/\/adambookshop.com\/index.php?rest_route=%2Fwp%2Fv2%2Fcomments&post=3245"}],"wp:featuredmedia":[{"embeddable":true,"href":"https:\/\/adambookshop.com\/index.php?rest_route=\/wp\/v2\/media\/3155"}],"wp:attachment":[{"href":"https:\/\/adambookshop.com\/index.php?rest_route=%2Fwp%2Fv2%2Fmedia&parent=3245"}],"wp:term":[{"taxonomy":"product_brand","embeddable":true,"href":"https:\/\/adambookshop.com\/index.php?rest_route=%2Fwp%2Fv2%2Fproduct_brand&post=3245"},{"taxonomy":"product_cat","embeddable":true,"href":"https:\/\/adambookshop.com\/index.php?rest_route=%2Fwp%2Fv2%2Fproduct_cat&post=3245"},{"taxonomy":"product_tag","embeddable":true,"href":"https:\/\/adambookshop.com\/index.php?rest_route=%2Fwp%2Fv2%2Fproduct_tag&post=3245"}],"curies":[{"name":"wp","href":"https:\/\/api.w.org\/{rel}","templated":true}]}}