{"id":3235,"date":"2024-02-05T14:23:04","date_gmt":"2024-02-05T14:23:04","guid":{"rendered":"http:\/\/adam-bookshop.local\/product\/panorama-deutsch-als-fremdsprache-kursbuch-kursleiterfassung\/"},"modified":"2025-05-04T13:41:54","modified_gmt":"2025-05-04T13:41:54","slug":"panorama-deutsch-als-fremdsprache-kursbuch-kursleiterfassung","status":"publish","type":"product","link":"https:\/\/adambookshop.com\/?product=panorama-deutsch-als-fremdsprache-kursbuch-kursleiterfassung","title":{"rendered":"Panorama \u00b7 Deutsch als Fremdsprache"},"content":{"rendered":"<div class=\"cv-column cv-column--l-8 cv-column--m-8 cv-column--s-12 cv-product__content-column-title\">\n<h1 class=\"cv-product__title\"><span class=\"cv-product__title-info\">Kursbuch &#8211; Fassung f\u00fcr Kursleitende<\/span><\/h1>\n<\/div>\n<div class=\"cv-column cv-column--l-8 cv-column--m-8 cv-column--s-12 cv-product__content-column-description\">\n<section class=\"cv-product__description\">\n<div class=\"cv-product__expansion-bar cv-expansion-bar\" data-component=\"TextCollapse\" data-prop-collapsed-height=\"100\" data-prop-collapsed-height-mobile=\"100\" data-prop-is-text-collapse-with-preview=\"true\" data-prop-content-id=\"collapsable-content-description-text\" data-prop-button-id=\"expand-content-button-description-text\">\n<div id=\"collapsable-content-description-text\" class=\"cv-expansion-bar__content-preview\" aria-hidden=\"false\">\n<div class=\"cv-product__description-item-description\">\n<div class=\"pim-producttext-standard\">\n<p>Die Kursbuchfassung f\u00fcr Kursleitende\u00a0erleichtert Ihnen die Unterrichtsvorbereitung. Sie finden hier alle Materialien, die Sie f\u00fcr Ihren Unterricht ben\u00f6tigten: das komplette Kursbuch, kleinschrittige didaktische Kommentaren zu den Kursbuch-Aufgaben sowie Tipps f\u00fcr einen kommunikativen und an den Lernenden orientierten Unterricht. Die Kommentare sind rund um die verkleinerten Kursbuch-Seiten angeordnet und enthalten<\/p>\n<ul>\n<li>eine \u00dcbersicht der ben\u00f6tigten Materialien, Textsorten und vermittelten Strategien,<\/li>\n<li>Hinweise zur Binnendifferenzierung,<\/li>\n<li>Vorschl\u00e4ge f\u00fcr alternative Vorgehensweisen,<\/li>\n<li>Vorschl\u00e4ge f\u00fcr vertiefende und spielerische Aufgaben,<\/li>\n<li>Tipps zum Einsatz der digitalen Medien und der Kopiervorlagen,<\/li>\n<li>Markierung des neuen Wortschatzes und der neuen Strukturen direkt in den Texten,<\/li>\n<li>L\u00f6sungen (auf den Kursbuch-Seiten ausgewiesen oder als L\u00f6sungsbeispiele in den Kommentaren),<\/li>\n<li>landeskundliche Hintergrundinformationen.<\/li>\n<\/ul>\n<\/div>\n<\/div>\n<\/div>\n<\/div>\n<\/section>\n<\/div>\n","protected":false},"excerpt":{"rendered":"<h1 class=\"cv-product__title\"><span class=\"cv-product__title-subheading\">A2: Gesamtband<\/span><\/h1>\n<p>ISBN: 978-3-06-120586-7<\/p>\n","protected":false},"featured_media":3135,"comment_status":"open","ping_status":"closed","template":"","meta":{"content-type":""},"product_brand":[233],"product_cat":[193,184],"product_tag":[],"class_list":{"0":"post-3235","1":"product","2":"type-product","3":"status-publish","4":"has-post-thumbnail","6":"product_brand-cornelsen-verlag","7":"product_cat-german","8":"product_cat-german-courses","10":"first","11":"instock","12":"taxable","13":"shipping-taxable","14":"purchasable","15":"product-type-simple"},"_links":{"self":[{"href":"https:\/\/adambookshop.com\/index.php?rest_route=\/wp\/v2\/product\/3235","targetHints":{"allow":["GET"]}}],"collection":[{"href":"https:\/\/adambookshop.com\/index.php?rest_route=\/wp\/v2\/product"}],"about":[{"href":"https:\/\/adambookshop.com\/index.php?rest_route=\/wp\/v2\/types\/product"}],"replies":[{"embeddable":true,"href":"https:\/\/adambookshop.com\/index.php?rest_route=%2Fwp%2Fv2%2Fcomments&post=3235"}],"wp:featuredmedia":[{"embeddable":true,"href":"https:\/\/adambookshop.com\/index.php?rest_route=\/wp\/v2\/media\/3135"}],"wp:attachment":[{"href":"https:\/\/adambookshop.com\/index.php?rest_route=%2Fwp%2Fv2%2Fmedia&parent=3235"}],"wp:term":[{"taxonomy":"product_brand","embeddable":true,"href":"https:\/\/adambookshop.com\/index.php?rest_route=%2Fwp%2Fv2%2Fproduct_brand&post=3235"},{"taxonomy":"product_cat","embeddable":true,"href":"https:\/\/adambookshop.com\/index.php?rest_route=%2Fwp%2Fv2%2Fproduct_cat&post=3235"},{"taxonomy":"product_tag","embeddable":true,"href":"https:\/\/adambookshop.com\/index.php?rest_route=%2Fwp%2Fv2%2Fproduct_tag&post=3235"}],"curies":[{"name":"wp","href":"https:\/\/api.w.org\/{rel}","templated":true}]}}