{"id":3217,"date":"2024-02-05T14:22:56","date_gmt":"2024-02-05T14:22:56","guid":{"rendered":"http:\/\/adam-bookshop.local\/product\/prufungstraining-deutsche-sprachprufung-fur-den-hoschulzugang\/"},"modified":"2025-05-01T00:00:04","modified_gmt":"2025-05-01T00:00:04","slug":"prufungstraining-deutsche-sprachprufung-fur-den-hoschulzugang","status":"publish","type":"product","link":"https:\/\/adambookshop.com\/?product=prufungstraining-deutsche-sprachprufung-fur-den-hoschulzugang","title":{"rendered":"Pr\u00fcfungstraining DaF B2\/C1 Deutsche Sprachpr\u00fcfung f\u00fcr den Hochschulzugang (DSH)"},"content":{"rendered":"<div class=\"cv-column cv-column--l-8 cv-column--m-8 cv-column--s-12 cv-product__content-column-title\">\n<h1 class=\"cv-product__title\"><span class=\"cv-product__title-info\">\u00dcbungsbuch mit CD und Beiheft<\/span><\/h1>\n<\/div>\n<div class=\"cv-column cv-column--l-8 cv-column--m-8 cv-column--s-12 cv-product__content-column-description\">\n<section class=\"cv-product__description\">\n<div class=\"cv-product__expansion-bar cv-expansion-bar\" data-component=\"TextCollapse\" data-prop-collapsed-height=\"100\" data-prop-collapsed-height-mobile=\"100\" data-prop-is-text-collapse-with-preview=\"true\" data-prop-content-id=\"collapsable-content-description-text\" data-prop-button-id=\"expand-content-button-description-text\">\n<div id=\"collapsable-content-description-text\" class=\"cv-expansion-bar__content-preview\" aria-hidden=\"false\">\n<div class=\"cv-product__description-item-description\">\n<div class=\"pim-producttext-standard\">\n<p><strong>Perfekt vorbereitet<\/strong><\/p>\n<p>Das Pr\u00fcfungstraining bereitet gezielt auf die\u00a0<em>Deutsche Sprachpr\u00fcfung f\u00fcr den Hochschulzugang (DSH)\u00a0<\/em>vor. Es eignet sich sowohl f\u00fcr den Einsatz im Unterricht als auch f\u00fcr die selbstst\u00e4ndige Pr\u00fcfungsvorbereitung zu Hause.<\/p>\n<p>&nbsp;<\/p>\n<p><strong>Damit gelingt die erfolgreiche Pr\u00fcfungsvorbereitung<\/strong><\/p>\n<ul>\n<li>Anhand von\u00a0<strong>zehn Modelltests<\/strong>\u00a0k\u00f6nnen Studienbewerberinnen und -bewerber Lese- und H\u00f6rverstehen, Textproduktion und Sprechen testen und sich so optimal auf die\u00a0<em>Deutsch als Fremdsprache<\/em>-Pr\u00fcfung vorbereiten.<\/li>\n<li>Die F\u00fclle und Varianz der Themen, Texte und Aufgabenstellung ber\u00fccksichtigen die trotz gemeinsamer Rahmenordnung unterschiedlichen\u00a0<strong>Pr\u00fcfungsmodelle der Universit\u00e4ten<\/strong>.<\/li>\n<li><strong>Hinweise zur Bewertung<\/strong>\u00a0erm\u00f6glichen eine objektive Selbsteinsch\u00e4tzung des Leistungsstandes.<\/li>\n<\/ul>\n<p>Die eingelegte\u00a0<strong>Audio-CD<\/strong>\u00a0enth\u00e4lt die Audiodateien der Modelltests 1\u2013 8, die Audiodateien der Modelltests 9 \u201310 finden Sie unter cornelsen.de\/codes.<\/p>\n<p>Der separate Einleger enth\u00e4lt die\u00a0<strong>Transkripte\u00a0<\/strong>der H\u00f6rtexte sowie die\u00a0<strong>L\u00f6sungen\u00a0<\/strong>der Aufgaben und ist auch online als PDF-Datei verf\u00fcgbar unter cornelsen.de\/codes.<\/p>\n<\/div>\n<\/div>\n<\/div>\n<\/div>\n<\/section>\n<\/div>\n","protected":false},"excerpt":{"rendered":"<p>ISBN: 978-3-06-020312-3<\/p>\n","protected":false},"featured_media":3099,"comment_status":"open","ping_status":"closed","template":"","meta":{"content-type":""},"product_brand":[233],"product_cat":[193,232],"product_tag":[],"class_list":{"0":"post-3217","1":"product","2":"type-product","3":"status-publish","4":"has-post-thumbnail","6":"product_brand-cornelsen-verlag","7":"product_cat-german","8":"product_cat-zertifikat","10":"first","11":"instock","12":"taxable","13":"shipping-taxable","14":"purchasable","15":"product-type-simple"},"_links":{"self":[{"href":"https:\/\/adambookshop.com\/index.php?rest_route=\/wp\/v2\/product\/3217","targetHints":{"allow":["GET"]}}],"collection":[{"href":"https:\/\/adambookshop.com\/index.php?rest_route=\/wp\/v2\/product"}],"about":[{"href":"https:\/\/adambookshop.com\/index.php?rest_route=\/wp\/v2\/types\/product"}],"replies":[{"embeddable":true,"href":"https:\/\/adambookshop.com\/index.php?rest_route=%2Fwp%2Fv2%2Fcomments&post=3217"}],"wp:featuredmedia":[{"embeddable":true,"href":"https:\/\/adambookshop.com\/index.php?rest_route=\/wp\/v2\/media\/3099"}],"wp:attachment":[{"href":"https:\/\/adambookshop.com\/index.php?rest_route=%2Fwp%2Fv2%2Fmedia&parent=3217"}],"wp:term":[{"taxonomy":"product_brand","embeddable":true,"href":"https:\/\/adambookshop.com\/index.php?rest_route=%2Fwp%2Fv2%2Fproduct_brand&post=3217"},{"taxonomy":"product_cat","embeddable":true,"href":"https:\/\/adambookshop.com\/index.php?rest_route=%2Fwp%2Fv2%2Fproduct_cat&post=3217"},{"taxonomy":"product_tag","embeddable":true,"href":"https:\/\/adambookshop.com\/index.php?rest_route=%2Fwp%2Fv2%2Fproduct_tag&post=3217"}],"curies":[{"name":"wp","href":"https:\/\/api.w.org\/{rel}","templated":true}]}}