{"id":3200,"date":"2024-02-05T14:22:48","date_gmt":"2024-02-05T14:22:48","guid":{"rendered":"http:\/\/adam-bookshop.local\/product\/studio-die-mittelstufe-deutsch-als-fremdsprache-kurs-und-ubungsbuch\/"},"modified":"2025-05-04T12:40:27","modified_gmt":"2025-05-04T12:40:27","slug":"studio-die-mittelstufe-deutsch-als-fremdsprache-kurs-und-ubungsbuch","status":"publish","type":"product","link":"https:\/\/adambookshop.com\/?product=studio-die-mittelstufe-deutsch-als-fremdsprache-kurs-und-ubungsbuch","title":{"rendered":"Studio: Die Mittelstufe \u00b7 Deutsch als Fremdsprache"},"content":{"rendered":"<div class=\"cv-column cv-column--l-8 cv-column--m-8 cv-column--s-12 cv-product__content-column-title\">\n<h1 class=\"cv-product__title\"><span class=\"cv-product__title-info\">Kurs- und \u00dcbungsbuch<br \/>\nMit Lerner-Audio-CD mit H\u00f6rtexten des \u00dcbungsteils<\/span><\/h1>\n<\/div>\n<div class=\"cv-column cv-column--l-8 cv-column--m-8 cv-column--s-12 cv-product__content-column-description\">\n<section class=\"cv-product__description\">\n<div class=\"cv-product__expansion-bar cv-expansion-bar\" data-component=\"TextCollapse\" data-prop-collapsed-height=\"100\" data-prop-collapsed-height-mobile=\"100\" data-prop-is-text-collapse-with-preview=\"true\" data-prop-content-id=\"collapsable-content-description-text\" data-prop-button-id=\"expand-content-button-description-text\">\n<div id=\"collapsable-content-description-text\" class=\"cv-expansion-bar__content-preview\" aria-hidden=\"false\">\n<div class=\"cv-product__description-item-description\">\n<div class=\"pim-producttext-standard\">Das Kursbuch mit integriertem \u00dcbungsteil enth\u00e4lt<\/p>\n<ul>\n<li>8 Einheiten \u00e0 10 Seiten,<\/li>\n<li>einen vierfarbigen \u00dcbungsteil \u00e0 10 Seiten pro Einheit,<\/li>\n<li>zwei Stationen zur Vertiefung, Wiederholung und thematischen Erweiterung.<\/li>\n<li>Grammatik\u00fcbersicht, Audio-CD mit allen H\u00f6rtexten sowie beiliegender L\u00f6sungsschl\u00fcssel.<\/li>\n<li>Bearbeitungszeit: jeweils ca. 80 Unterrichtseinheiten<\/li>\n<\/ul>\n<\/div>\n<\/div>\n<\/div>\n<\/div>\n<\/section>\n<\/div>\n","protected":false},"excerpt":{"rendered":"<h1 class=\"cv-product__title\"><span class=\"cv-product__title-subheading\">B2: Band 1<\/span><\/h1>\n<p>ISBN: 978-3-06-020094-8<\/p>\n","protected":false},"featured_media":3066,"comment_status":"open","ping_status":"closed","template":"","meta":{"content-type":""},"product_brand":[233],"product_cat":[193,184],"product_tag":[],"class_list":{"0":"post-3200","1":"product","2":"type-product","3":"status-publish","4":"has-post-thumbnail","6":"product_brand-cornelsen-verlag","7":"product_cat-german","8":"product_cat-german-courses","10":"first","11":"instock","12":"taxable","13":"shipping-taxable","14":"purchasable","15":"product-type-simple"},"_links":{"self":[{"href":"https:\/\/adambookshop.com\/index.php?rest_route=\/wp\/v2\/product\/3200","targetHints":{"allow":["GET"]}}],"collection":[{"href":"https:\/\/adambookshop.com\/index.php?rest_route=\/wp\/v2\/product"}],"about":[{"href":"https:\/\/adambookshop.com\/index.php?rest_route=\/wp\/v2\/types\/product"}],"replies":[{"embeddable":true,"href":"https:\/\/adambookshop.com\/index.php?rest_route=%2Fwp%2Fv2%2Fcomments&post=3200"}],"wp:featuredmedia":[{"embeddable":true,"href":"https:\/\/adambookshop.com\/index.php?rest_route=\/wp\/v2\/media\/3066"}],"wp:attachment":[{"href":"https:\/\/adambookshop.com\/index.php?rest_route=%2Fwp%2Fv2%2Fmedia&parent=3200"}],"wp:term":[{"taxonomy":"product_brand","embeddable":true,"href":"https:\/\/adambookshop.com\/index.php?rest_route=%2Fwp%2Fv2%2Fproduct_brand&post=3200"},{"taxonomy":"product_cat","embeddable":true,"href":"https:\/\/adambookshop.com\/index.php?rest_route=%2Fwp%2Fv2%2Fproduct_cat&post=3200"},{"taxonomy":"product_tag","embeddable":true,"href":"https:\/\/adambookshop.com\/index.php?rest_route=%2Fwp%2Fv2%2Fproduct_tag&post=3200"}],"curies":[{"name":"wp","href":"https:\/\/api.w.org\/{rel}","templated":true}]}}