{"id":3195,"date":"2024-02-05T14:22:46","date_gmt":"2024-02-05T14:22:46","guid":{"rendered":"http:\/\/adam-bookshop.local\/product\/das-leben-deutsch-als-fremdsprache-kurs-und-ubungsbuch-a1\/"},"modified":"2026-04-18T08:17:39","modified_gmt":"2026-04-18T08:17:39","slug":"das-leben-deutsch-als-fremdsprache-kurs-und-ubungsbuch-a1","status":"publish","type":"product","link":"https:\/\/adambookshop.com\/?product=das-leben-deutsch-als-fremdsprache-kurs-und-ubungsbuch-a1","title":{"rendered":"Das Leben \u00b7 Deutsch als Fremdsprache Allgemeine Ausgabe \u00b7 A1: Gesamtband"},"content":{"rendered":"<div class=\"cv-column cv-column--l-8 cv-column--m-8 cv-column--s-12 cv-product__content-column-title\">\n<h1 class=\"cv-product__title\"><span class=\"cv-product__title-info\">Kurs- und \u00dcbungsbuch<br \/>\nInkl. E-Book und PagePlayer-App<\/span><\/h1>\n<\/div>\n<div class=\"cv-column cv-column--l-8 cv-column--m-8 cv-column--s-12 cv-product__content-column-description\">\n<section class=\"cv-product__description\">\n<div class=\"cv-product__expansion-bar cv-expansion-bar\" data-component=\"TextCollapse\" data-prop-collapsed-height=\"100\" data-prop-collapsed-height-mobile=\"100\" data-prop-is-text-collapse-with-preview=\"true\" data-prop-content-id=\"collapsable-content-description-text\" data-prop-button-id=\"expand-content-button-description-text\">\n<div id=\"collapsable-content-description-text\" class=\"cv-expansion-bar__content-preview\" aria-hidden=\"false\">\n<div class=\"cv-product__description-item-description\">\n<div class=\"pim-producttext-standard\">\n<p><em>Das Leben\u00a0<\/em>macht erwachsenen Lernenden den Einstieg in die deutsche Sprache leicht: Das Lehrwerk sorgt f\u00fcr gute Laune und Lernerfolg ab der ersten Stunde \u2013 f\u00fcr einen motivierenden und abwechslungsreichen DaF-Unterricht in Ihrem A1-Kurs!<\/p>\n<ul>\n<li>Das Kurs- und \u00dcbungsbuch enth\u00e4lt einen eingedruckten Lizenzcode zur\u00a0<strong>kostenlosen Freischaltung<\/strong>\u00a0<strong>des E-Books<\/strong>\u00a0und der interaktiven \u00dcbungen auf mein.cornelsen.de. Die Medien lassen sich \u00fcber Klickstellen an der Buchseite aufrufen.<\/li>\n<li>Alle Medien zum Lehrwerk wie Audios, Videos, Texte und interaktive \u00dcbungen k\u00f6nnen Sie \u00fcber die kostenlose Cornelsen\u00a0<strong>PagePlayer-App<\/strong>\u00a0abspielen oder in den\u00a0<strong>Webcodes\u00a0<\/strong>auf cornelsen.de\/codes streamen und herunterladen.<\/li>\n<\/ul>\n<p><strong>Das ist\u00a0<em>Das Leben<\/em>\u00a0A1<\/strong><\/p>\n<ul>\n<li>attraktive\u00a0<strong>Magazinseiten\u00a0<\/strong>mit lebensnahen Themen laden Ihre Lernenden zum Entdecken ein<\/li>\n<li>abwechslungsreiche Aufgaben f\u00f6rdern die\u00a0<strong>Interaktion\u00a0<\/strong>und bringen Ihre Lernenden schnell zum Sprechen<\/li>\n<li>erste\u00a0<strong>literarische Texte<\/strong>\u00a0machen es leicht, die deutsche Sprache auszuprobieren<\/li>\n<li>im\u00a0<strong>Videokaraoke\u00a0<\/strong>trainieren die Lernenden das fl\u00fcssige Sprechen in echten Dialogsituationen<\/li>\n<li>das reichhaltige\u00a0<strong>Videoangebot\u00a0<\/strong>inkl. der Videoserie\u00a0<em>Nicos Weg<\/em>\u00a0der Deutschen Welle vereint Unterhaltung mit effektivem Sprachenlernen<\/li>\n<\/ul>\n<p><strong>Das erwartet Sie im Kurs- und \u00dcbungsbuch<\/strong><\/p>\n<ul>\n<li>Im\u00a0<strong>Kursbuchteil\u00a0<\/strong>des integrierten Kurs- und \u00dcbungsbuchs werden neue Themen, kommunikative Szenarien, sprachliche Handlungen, Lernstrategien, W\u00f6rter und Grammatik eingef\u00fchrt.<\/li>\n<li>Die \u00dcbungen im\u00a0<strong>\u00dcbungsbuchteil\u00a0<\/strong>folgen der jeweiligen Kursbucheinheit und dienen der selbstst\u00e4ndigen Wiederholung und Vertiefung von Wortschatz und Strukturen. Zus\u00e4tzliche interaktive \u00dcbungen \u00fcber die PagePlayer-App erm\u00f6glichen eine weitere Vertiefung des Gelernten.<\/li>\n<li>Die\u00a0<strong>Plateaus<\/strong>\u00a0nach jeder vierten Einheit halten ein abwechslungsreiches Lernangebot bereit: vertiefende \u00dcbungen und Spiele, Literatur sowie Video-\u00dcbungen zu\u00a0<em>Nicos Weg,<\/em>\u00a0der Videoserie der Deutschen Welle. Hier werden sprachliche Handlungen und Grammatikstrukturen der vorangegangenen Einheiten mit unterschiedlichen \u00dcbungsformaten gefestigt.<\/li>\n<\/ul>\n<\/div>\n<\/div>\n<\/div>\n<\/div>\n<\/section>\n<\/div>\n","protected":false},"excerpt":{"rendered":"<p>Kurs- und \u00dcbungsbuch Inkl. E-Book und PagePlayer-App Das Leben\u00a0macht erwachsenen Lernenden den Einstieg in die deutsche Sprache leicht: Das Lehrwerk sorgt f\u00fcr gute Laune und Lernerfolg ab der ersten Stunde \u2013 f\u00fcr einen motivierenden und abwechslungsreichen DaF-Unterricht in Ihrem A1-Kurs! Das Kurs- und \u00dcbungsbuch enth\u00e4lt einen eingedruckten Lizenzcode zur\u00a0kostenlosen Freischaltung\u00a0des E-Books\u00a0und der interaktiven \u00dcbungen auf [&hellip;]<\/p>\n","protected":false},"featured_media":3056,"comment_status":"open","ping_status":"closed","template":"","meta":{"content-type":""},"product_brand":[233],"product_cat":[208,193,184],"product_tag":[],"class_list":{"0":"post-3195","1":"product","2":"type-product","3":"status-publish","4":"has-post-thumbnail","6":"product_brand-cornelsen-verlag","7":"product_cat-cornelsen","8":"product_cat-german","9":"product_cat-german-courses","11":"first","12":"instock","13":"shipping-taxable","14":"purchasable","15":"product-type-simple"},"_links":{"self":[{"href":"https:\/\/adambookshop.com\/index.php?rest_route=\/wp\/v2\/product\/3195","targetHints":{"allow":["GET"]}}],"collection":[{"href":"https:\/\/adambookshop.com\/index.php?rest_route=\/wp\/v2\/product"}],"about":[{"href":"https:\/\/adambookshop.com\/index.php?rest_route=\/wp\/v2\/types\/product"}],"replies":[{"embeddable":true,"href":"https:\/\/adambookshop.com\/index.php?rest_route=%2Fwp%2Fv2%2Fcomments&post=3195"}],"wp:featuredmedia":[{"embeddable":true,"href":"https:\/\/adambookshop.com\/index.php?rest_route=\/wp\/v2\/media\/3056"}],"wp:attachment":[{"href":"https:\/\/adambookshop.com\/index.php?rest_route=%2Fwp%2Fv2%2Fmedia&parent=3195"}],"wp:term":[{"taxonomy":"product_brand","embeddable":true,"href":"https:\/\/adambookshop.com\/index.php?rest_route=%2Fwp%2Fv2%2Fproduct_brand&post=3195"},{"taxonomy":"product_cat","embeddable":true,"href":"https:\/\/adambookshop.com\/index.php?rest_route=%2Fwp%2Fv2%2Fproduct_cat&post=3195"},{"taxonomy":"product_tag","embeddable":true,"href":"https:\/\/adambookshop.com\/index.php?rest_route=%2Fwp%2Fv2%2Fproduct_tag&post=3195"}],"curies":[{"name":"wp","href":"https:\/\/api.w.org\/{rel}","templated":true}]}}