{"id":12192,"date":"2025-12-10T13:10:34","date_gmt":"2025-12-10T13:10:34","guid":{"rendered":"https:\/\/adambookshop.com\/?post_type=product&#038;p=12192"},"modified":"2025-12-10T13:10:34","modified_gmt":"2025-12-10T13:10:34","slug":"anfang-und-ende","status":"publish","type":"product","link":"https:\/\/adambookshop.com\/?product=anfang-und-ende","title":{"rendered":"Anfang und Ende"},"content":{"rendered":"<p>Eines Morgens werden die beiden S\u00f6hne aus der Schule gerufen: Der Vater ist tot. Etwas Geld im Portemonnaie, einen untadeligen Ruf und eine l\u00e4cherliche Pension &#8211; mehr hat er ihnen nicht hinterlassen. Wie soll die Mutter ihre vier Kinder in Ehren hochbringen? Als der \u00e4lteste Sohn als Rauschgifth\u00e4ndler verhaftet und die Tochter mit einem Liebhaber in einer Absteige aufgegriffen wird, liegt f\u00fcr die ganze Familie der Schein ehrbaren Lebens in Tr\u00fcmmern.<\/p>\n","protected":false},"excerpt":{"rendered":"<p>ISBN:9783293206335<\/p>\n<p>&nbsp;<\/p>\n","protected":false},"featured_media":12193,"comment_status":"open","ping_status":"closed","template":"","meta":{"content-type":""},"product_brand":[],"product_cat":[15],"product_tag":[],"class_list":{"0":"post-12192","1":"product","2":"type-product","3":"status-publish","4":"has-post-thumbnail","6":"product_cat-french","7":"pa_format-paperback","9":"first","10":"instock","11":"taxable","12":"shipping-taxable","13":"purchasable","14":"product-type-simple"},"_links":{"self":[{"href":"https:\/\/adambookshop.com\/index.php?rest_route=\/wp\/v2\/product\/12192","targetHints":{"allow":["GET"]}}],"collection":[{"href":"https:\/\/adambookshop.com\/index.php?rest_route=\/wp\/v2\/product"}],"about":[{"href":"https:\/\/adambookshop.com\/index.php?rest_route=\/wp\/v2\/types\/product"}],"replies":[{"embeddable":true,"href":"https:\/\/adambookshop.com\/index.php?rest_route=%2Fwp%2Fv2%2Fcomments&post=12192"}],"wp:featuredmedia":[{"embeddable":true,"href":"https:\/\/adambookshop.com\/index.php?rest_route=\/wp\/v2\/media\/12193"}],"wp:attachment":[{"href":"https:\/\/adambookshop.com\/index.php?rest_route=%2Fwp%2Fv2%2Fmedia&parent=12192"}],"wp:term":[{"taxonomy":"product_brand","embeddable":true,"href":"https:\/\/adambookshop.com\/index.php?rest_route=%2Fwp%2Fv2%2Fproduct_brand&post=12192"},{"taxonomy":"product_cat","embeddable":true,"href":"https:\/\/adambookshop.com\/index.php?rest_route=%2Fwp%2Fv2%2Fproduct_cat&post=12192"},{"taxonomy":"product_tag","embeddable":true,"href":"https:\/\/adambookshop.com\/index.php?rest_route=%2Fwp%2Fv2%2Fproduct_tag&post=12192"}],"curies":[{"name":"wp","href":"https:\/\/api.w.org\/{rel}","templated":true}]}}