{"id":12187,"date":"2025-12-10T13:04:50","date_gmt":"2025-12-10T13:04:50","guid":{"rendered":"https:\/\/adambookshop.com\/?post_type=product&#038;p=12187"},"modified":"2025-12-10T13:04:50","modified_gmt":"2025-12-10T13:04:50","slug":"radubis","status":"publish","type":"product","link":"https:\/\/adambookshop.com\/?product=radubis","title":{"rendered":"Radubis"},"content":{"rendered":"<p>Die goldene Sandale, die ein Adler vor dem Pharao fallen l\u00e4sst, verwirrt ihn. Ist ihre Besitzerin so sch\u00f6n und elegant wie ihr Schuh? Die Sandale geh\u00f6rt niemand Geringerem als der Kurtisane Radubis, deren wei\u00dfer Palast auf einer Nilinsel das Zentrum des gesellschaftlichen Lebens ist. Der Pharao beschlie\u00dft, die Sandale selbst zur\u00fcckzubringen, und ahnt nicht, dass er damit sein eigenes Schicksal besiegelt. Denn w\u00e4hrend er und Radubis ihren Leidenschaften hemmungslos fr\u00f6nen, schmieden die H\u00f6flinge Intrigen unter dem Volk, und die Priester wollen den Machthunger des Pharaos nicht l\u00e4nger hinnehmen.<\/p>\n","protected":false},"excerpt":{"rendered":"<p>ISBN:9783293204539<\/p>\n<p>&nbsp;<\/p>\n","protected":false},"featured_media":12189,"comment_status":"open","ping_status":"closed","template":"","meta":{"content-type":""},"product_brand":[],"product_cat":[193,217],"product_tag":[],"class_list":{"0":"post-12187","1":"product","2":"type-product","3":"status-publish","4":"has-post-thumbnail","6":"product_cat-german","7":"product_cat-novels-german","8":"pa_format-paperback","10":"first","11":"instock","12":"taxable","13":"shipping-taxable","14":"purchasable","15":"product-type-simple"},"_links":{"self":[{"href":"https:\/\/adambookshop.com\/index.php?rest_route=\/wp\/v2\/product\/12187","targetHints":{"allow":["GET"]}}],"collection":[{"href":"https:\/\/adambookshop.com\/index.php?rest_route=\/wp\/v2\/product"}],"about":[{"href":"https:\/\/adambookshop.com\/index.php?rest_route=\/wp\/v2\/types\/product"}],"replies":[{"embeddable":true,"href":"https:\/\/adambookshop.com\/index.php?rest_route=%2Fwp%2Fv2%2Fcomments&post=12187"}],"wp:featuredmedia":[{"embeddable":true,"href":"https:\/\/adambookshop.com\/index.php?rest_route=\/wp\/v2\/media\/12189"}],"wp:attachment":[{"href":"https:\/\/adambookshop.com\/index.php?rest_route=%2Fwp%2Fv2%2Fmedia&parent=12187"}],"wp:term":[{"taxonomy":"product_brand","embeddable":true,"href":"https:\/\/adambookshop.com\/index.php?rest_route=%2Fwp%2Fv2%2Fproduct_brand&post=12187"},{"taxonomy":"product_cat","embeddable":true,"href":"https:\/\/adambookshop.com\/index.php?rest_route=%2Fwp%2Fv2%2Fproduct_cat&post=12187"},{"taxonomy":"product_tag","embeddable":true,"href":"https:\/\/adambookshop.com\/index.php?rest_route=%2Fwp%2Fv2%2Fproduct_tag&post=12187"}],"curies":[{"name":"wp","href":"https:\/\/api.w.org\/{rel}","templated":true}]}}