{"id":12183,"date":"2025-12-10T13:03:12","date_gmt":"2025-12-10T13:03:12","guid":{"rendered":"https:\/\/adambookshop.com\/?post_type=product&#038;p=12183"},"modified":"2025-12-10T13:03:13","modified_gmt":"2025-12-10T13:03:13","slug":"amira","status":"publish","type":"product","link":"https:\/\/adambookshop.com\/?product=amira","title":{"rendered":"Amira"},"content":{"rendered":"<p>Amira bedeutet Prinzessin, und Amira ist sch\u00f6n wie eine Prinzessin. Vierzig junge M\u00e4nner m\u00f6chten sie heiraten. Das sind so viele, wie die Halskette ihrer Gro\u00dfmutter Perlen hat. Aber nicht alle Perlen sind gleich, man muss schon genau hinsehen, um die Edelsteine von den unechten zu unterscheiden, sagt ihre Gro\u00dfmutter.Und genau so verh\u00e4lt es sich auch mit den jungen M\u00e4nnern. Amira entdeckt bei beinahe jedem etwas, was ihr nicht gef\u00e4llt. Als schlie\u00dflich nur noch drei \u00fcbrig bleiben, gibt ihr die Gro\u00dfmutter noch einen Kamele, Silber- und Goldm\u00fcnzen sind nicht von Dauer. W\u00e4hle den, der dir die sch\u00f6nste Geschichte erz\u00e4hlt.<\/p>\n","protected":false},"excerpt":{"rendered":"<p>ISBN:9783293204966<\/p>\n<p>&nbsp;<\/p>\n","protected":false},"featured_media":12185,"comment_status":"open","ping_status":"closed","template":"","meta":{"content-type":""},"product_brand":[],"product_cat":[193,217],"product_tag":[],"class_list":{"0":"post-12183","1":"product","2":"type-product","3":"status-publish","4":"has-post-thumbnail","6":"product_cat-german","7":"product_cat-novels-german","8":"pa_format-paperback","10":"first","11":"instock","12":"taxable","13":"shipping-taxable","14":"purchasable","15":"product-type-simple"},"_links":{"self":[{"href":"https:\/\/adambookshop.com\/index.php?rest_route=\/wp\/v2\/product\/12183","targetHints":{"allow":["GET"]}}],"collection":[{"href":"https:\/\/adambookshop.com\/index.php?rest_route=\/wp\/v2\/product"}],"about":[{"href":"https:\/\/adambookshop.com\/index.php?rest_route=\/wp\/v2\/types\/product"}],"replies":[{"embeddable":true,"href":"https:\/\/adambookshop.com\/index.php?rest_route=%2Fwp%2Fv2%2Fcomments&post=12183"}],"wp:featuredmedia":[{"embeddable":true,"href":"https:\/\/adambookshop.com\/index.php?rest_route=\/wp\/v2\/media\/12185"}],"wp:attachment":[{"href":"https:\/\/adambookshop.com\/index.php?rest_route=%2Fwp%2Fv2%2Fmedia&parent=12183"}],"wp:term":[{"taxonomy":"product_brand","embeddable":true,"href":"https:\/\/adambookshop.com\/index.php?rest_route=%2Fwp%2Fv2%2Fproduct_brand&post=12183"},{"taxonomy":"product_cat","embeddable":true,"href":"https:\/\/adambookshop.com\/index.php?rest_route=%2Fwp%2Fv2%2Fproduct_cat&post=12183"},{"taxonomy":"product_tag","embeddable":true,"href":"https:\/\/adambookshop.com\/index.php?rest_route=%2Fwp%2Fv2%2Fproduct_tag&post=12183"}],"curies":[{"name":"wp","href":"https:\/\/api.w.org\/{rel}","templated":true}]}}