{"id":12178,"date":"2025-12-10T12:28:08","date_gmt":"2025-12-10T12:28:08","guid":{"rendered":"https:\/\/adambookshop.com\/?post_type=product&#038;p=12178"},"modified":"2025-12-12T15:17:33","modified_gmt":"2025-12-12T15:17:33","slug":"die-reise-des-ibn-fattuma","status":"publish","type":"product","link":"https:\/\/adambookshop.com\/?product=die-reise-des-ibn-fattuma","title":{"rendered":"Die Reise des Ibn Fattuma"},"content":{"rendered":"<p>Als Junge tr\u00e4umte Ibn Fattuma davon, es den gro\u00dfen Reisenden gleichzutun und die ganze Welt zu erforschen. Den erwachsen gewordenen Ibn Fattuma treiben schlie\u00dflich nicht die Abenteuer- und Entdeckerlust in die Welt hinaus, sondern Liebeskummer. Er schlie\u00dft sich einer Handelskarawane an und hofft, auf dem langen Weg durch die W\u00fcste seine Entt\u00e4uschung zu vergessen. Doch die Reise durch fremde, heidnische L\u00e4nder mit ihren unbekannten Sitten und Gebr\u00e4uchen wird immer mehr zu einer Begegnung mit sich selbst und f\u00fchrt ihn zu den Grundfragen des Seins.<\/p>\n<p>Nagib Machfus nimmt uns in diesem m\u00e4rchenhaften Roman mit in ferne, vergangene Welten, die erstaunlich gegenw\u00e4rtig sind \u2013 und er zeigt uns, wie absurd es ist, in einer Ideologie sein Gl\u00fcck zu suchen.<\/p>\n","protected":false},"excerpt":{"rendered":"<p>ISBN:9783293207370<\/p>\n<p>&nbsp;<\/p>\n","protected":false},"featured_media":12179,"comment_status":"open","ping_status":"closed","template":"","meta":{"content-type":""},"product_brand":[],"product_cat":[193,217],"product_tag":[],"class_list":{"0":"post-12178","1":"product","2":"type-product","3":"status-publish","4":"has-post-thumbnail","6":"product_cat-german","7":"product_cat-novels-german","8":"pa_format-paperback","10":"first","11":"instock","12":"taxable","13":"shipping-taxable","14":"purchasable","15":"product-type-simple"},"_links":{"self":[{"href":"https:\/\/adambookshop.com\/index.php?rest_route=\/wp\/v2\/product\/12178","targetHints":{"allow":["GET"]}}],"collection":[{"href":"https:\/\/adambookshop.com\/index.php?rest_route=\/wp\/v2\/product"}],"about":[{"href":"https:\/\/adambookshop.com\/index.php?rest_route=\/wp\/v2\/types\/product"}],"replies":[{"embeddable":true,"href":"https:\/\/adambookshop.com\/index.php?rest_route=%2Fwp%2Fv2%2Fcomments&post=12178"}],"wp:featuredmedia":[{"embeddable":true,"href":"https:\/\/adambookshop.com\/index.php?rest_route=\/wp\/v2\/media\/12179"}],"wp:attachment":[{"href":"https:\/\/adambookshop.com\/index.php?rest_route=%2Fwp%2Fv2%2Fmedia&parent=12178"}],"wp:term":[{"taxonomy":"product_brand","embeddable":true,"href":"https:\/\/adambookshop.com\/index.php?rest_route=%2Fwp%2Fv2%2Fproduct_brand&post=12178"},{"taxonomy":"product_cat","embeddable":true,"href":"https:\/\/adambookshop.com\/index.php?rest_route=%2Fwp%2Fv2%2Fproduct_cat&post=12178"},{"taxonomy":"product_tag","embeddable":true,"href":"https:\/\/adambookshop.com\/index.php?rest_route=%2Fwp%2Fv2%2Fproduct_tag&post=12178"}],"curies":[{"name":"wp","href":"https:\/\/api.w.org\/{rel}","templated":true}]}}