{"id":12169,"date":"2025-12-10T11:55:02","date_gmt":"2025-12-10T11:55:02","guid":{"rendered":"https:\/\/adambookshop.com\/?post_type=product&#038;p=12169"},"modified":"2025-12-10T11:55:03","modified_gmt":"2025-12-10T11:55:03","slug":"ehrenwerter-herr-2","status":"publish","type":"product","link":"https:\/\/adambookshop.com\/?product=ehrenwerter-herr-2","title":{"rendered":"Ehrenwerter Herr"},"content":{"rendered":"<p>Ein Mann strebt nach oben: Osman will Herr des \u00bbBlauen Zimmers\u00ab &#8211; Ministerialdirektor &#8211; werden. Aber wenn einer aus diesem Viertel stammt, Sohn eines Kutschers ist, als einziger in der ganzen Nachbarschaft ein wei\u00dfes Hemd und Aktentasche tr\u00e4gt, keinerlei Protektion genie\u00dft und nur auf Talent und List bauen kann, dann muss er in der achten Besoldungsklasse und im Archivkeller des Ministeriums beginnen. Opfer m\u00fcssen erbracht werden. Freundschaften, Herzensangelegenheiten und Verlockungen des Fleisches d\u00fcrfen dem Aufstieg nicht im Wege stehen. Politische K\u00e4mpfe, soziale Unruhen? Wer damit seine Zeit vergeudet, hat von der hohen Mission des Beamtentums nichts begriffen.<\/p>\n","protected":false},"excerpt":{"rendered":"<p>ISBN:9783293206748<\/p>\n<p>&nbsp;<\/p>\n","protected":false},"featured_media":12170,"comment_status":"open","ping_status":"closed","template":"","meta":{"content-type":""},"product_brand":[],"product_cat":[193,217],"product_tag":[],"class_list":{"0":"post-12169","1":"product","2":"type-product","3":"status-publish","4":"has-post-thumbnail","6":"product_cat-german","7":"product_cat-novels-german","8":"pa_format-paperback","10":"first","11":"instock","12":"taxable","13":"shipping-taxable","14":"purchasable","15":"product-type-simple"},"_links":{"self":[{"href":"https:\/\/adambookshop.com\/index.php?rest_route=\/wp\/v2\/product\/12169","targetHints":{"allow":["GET"]}}],"collection":[{"href":"https:\/\/adambookshop.com\/index.php?rest_route=\/wp\/v2\/product"}],"about":[{"href":"https:\/\/adambookshop.com\/index.php?rest_route=\/wp\/v2\/types\/product"}],"replies":[{"embeddable":true,"href":"https:\/\/adambookshop.com\/index.php?rest_route=%2Fwp%2Fv2%2Fcomments&post=12169"}],"wp:featuredmedia":[{"embeddable":true,"href":"https:\/\/adambookshop.com\/index.php?rest_route=\/wp\/v2\/media\/12170"}],"wp:attachment":[{"href":"https:\/\/adambookshop.com\/index.php?rest_route=%2Fwp%2Fv2%2Fmedia&parent=12169"}],"wp:term":[{"taxonomy":"product_brand","embeddable":true,"href":"https:\/\/adambookshop.com\/index.php?rest_route=%2Fwp%2Fv2%2Fproduct_brand&post=12169"},{"taxonomy":"product_cat","embeddable":true,"href":"https:\/\/adambookshop.com\/index.php?rest_route=%2Fwp%2Fv2%2Fproduct_cat&post=12169"},{"taxonomy":"product_tag","embeddable":true,"href":"https:\/\/adambookshop.com\/index.php?rest_route=%2Fwp%2Fv2%2Fproduct_tag&post=12169"}],"curies":[{"name":"wp","href":"https:\/\/api.w.org\/{rel}","templated":true}]}}