{"id":12167,"date":"2025-12-10T11:52:43","date_gmt":"2025-12-10T11:52:43","guid":{"rendered":"https:\/\/adambookshop.com\/?post_type=product&#038;p=12167"},"modified":"2025-12-10T11:52:44","modified_gmt":"2025-12-10T11:52:44","slug":"die-nacht-der-wunsche","status":"publish","type":"product","link":"https:\/\/adambookshop.com\/?product=die-nacht-der-wunsche","title":{"rendered":"Die Nacht der W\u00fcnsche"},"content":{"rendered":"<p>Wer von Allah mit der Nacht der W\u00fcnsche gesegnet wird, hat drei W\u00fcnsche frei. Doch in dieser besonderen Nacht werden sich die Hoffnungen des m\u00e4chtigen Sultans nicht erf\u00fcllen. Als ihn auf dem Lager seiner j\u00fcngsten Haremsdame eine sonderbare Schw\u00e4che bef\u00e4llt, nutzt die sch\u00f6ne und kluge Zahra das Missgeschick des In bet\u00f6renden M\u00e4rchen erz\u00e4hlt sie ihm von Geschichte und Gebr\u00e4uchen, Menschen und Mythen seines Reiches, um die sich der hab- und machtgierige Sultan nie gek\u00fcmmert hat.<\/p>\n","protected":false},"excerpt":{"rendered":"<p>ISBN:9783293205451<\/p>\n<p>&nbsp;<\/p>\n","protected":false},"featured_media":12168,"comment_status":"open","ping_status":"closed","template":"","meta":{"content-type":""},"product_brand":[],"product_cat":[193,217],"product_tag":[],"class_list":{"0":"post-12167","1":"product","2":"type-product","3":"status-publish","4":"has-post-thumbnail","6":"product_cat-german","7":"product_cat-novels-german","8":"pa_format-paperback","10":"first","11":"instock","12":"taxable","13":"shipping-taxable","14":"purchasable","15":"product-type-simple"},"_links":{"self":[{"href":"https:\/\/adambookshop.com\/index.php?rest_route=\/wp\/v2\/product\/12167","targetHints":{"allow":["GET"]}}],"collection":[{"href":"https:\/\/adambookshop.com\/index.php?rest_route=\/wp\/v2\/product"}],"about":[{"href":"https:\/\/adambookshop.com\/index.php?rest_route=\/wp\/v2\/types\/product"}],"replies":[{"embeddable":true,"href":"https:\/\/adambookshop.com\/index.php?rest_route=%2Fwp%2Fv2%2Fcomments&post=12167"}],"wp:featuredmedia":[{"embeddable":true,"href":"https:\/\/adambookshop.com\/index.php?rest_route=\/wp\/v2\/media\/12168"}],"wp:attachment":[{"href":"https:\/\/adambookshop.com\/index.php?rest_route=%2Fwp%2Fv2%2Fmedia&parent=12167"}],"wp:term":[{"taxonomy":"product_brand","embeddable":true,"href":"https:\/\/adambookshop.com\/index.php?rest_route=%2Fwp%2Fv2%2Fproduct_brand&post=12167"},{"taxonomy":"product_cat","embeddable":true,"href":"https:\/\/adambookshop.com\/index.php?rest_route=%2Fwp%2Fv2%2Fproduct_cat&post=12167"},{"taxonomy":"product_tag","embeddable":true,"href":"https:\/\/adambookshop.com\/index.php?rest_route=%2Fwp%2Fv2%2Fproduct_tag&post=12167"}],"curies":[{"name":"wp","href":"https:\/\/api.w.org\/{rel}","templated":true}]}}