{"id":12164,"date":"2025-12-10T11:51:19","date_gmt":"2025-12-10T11:51:19","guid":{"rendered":"https:\/\/adambookshop.com\/?post_type=product&#038;p=12164"},"modified":"2025-12-10T11:51:19","modified_gmt":"2025-12-10T11:51:19","slug":"die-himmlische-begegnung","status":"publish","type":"product","link":"https:\/\/adambookshop.com\/?product=die-himmlische-begegnung","title":{"rendered":"Die himmlische Begegnung"},"content":{"rendered":"<p>Neben seinen gro\u00dfen Romanen hat Nagib Machfus zahlreiche Erz\u00e4hlungen geschaffen, in denen sich seine Kunst in h\u00f6chster Konzentration entfaltet. Liebevoll und heiter r\u00fcckt er Schw\u00e4chen und Marotten, Sehns\u00fcchten und \u00c4ngsten vor allem des breiten Volkes zu Leibe und zeigt, dass unter Gottes weitem Mantel auch Platz f\u00fcr viele dunkle Leidenschaften ist.<br \/>\nDieser Band versammelt Kurzgeschichten und Novellen aus allen Schaffensphasen.<\/p>\n","protected":false},"excerpt":{"rendered":"<p>ISBN:9783293208735<\/p>\n<p>&nbsp;<\/p>\n","protected":false},"featured_media":12165,"comment_status":"open","ping_status":"closed","template":"","meta":{"content-type":""},"product_brand":[],"product_cat":[193,217],"product_tag":[],"class_list":{"0":"post-12164","1":"product","2":"type-product","3":"status-publish","4":"has-post-thumbnail","6":"product_cat-german","7":"product_cat-novels-german","8":"pa_format-paperback","10":"first","11":"instock","12":"taxable","13":"shipping-taxable","14":"purchasable","15":"product-type-simple"},"_links":{"self":[{"href":"https:\/\/adambookshop.com\/index.php?rest_route=\/wp\/v2\/product\/12164","targetHints":{"allow":["GET"]}}],"collection":[{"href":"https:\/\/adambookshop.com\/index.php?rest_route=\/wp\/v2\/product"}],"about":[{"href":"https:\/\/adambookshop.com\/index.php?rest_route=\/wp\/v2\/types\/product"}],"replies":[{"embeddable":true,"href":"https:\/\/adambookshop.com\/index.php?rest_route=%2Fwp%2Fv2%2Fcomments&post=12164"}],"wp:featuredmedia":[{"embeddable":true,"href":"https:\/\/adambookshop.com\/index.php?rest_route=\/wp\/v2\/media\/12165"}],"wp:attachment":[{"href":"https:\/\/adambookshop.com\/index.php?rest_route=%2Fwp%2Fv2%2Fmedia&parent=12164"}],"wp:term":[{"taxonomy":"product_brand","embeddable":true,"href":"https:\/\/adambookshop.com\/index.php?rest_route=%2Fwp%2Fv2%2Fproduct_brand&post=12164"},{"taxonomy":"product_cat","embeddable":true,"href":"https:\/\/adambookshop.com\/index.php?rest_route=%2Fwp%2Fv2%2Fproduct_cat&post=12164"},{"taxonomy":"product_tag","embeddable":true,"href":"https:\/\/adambookshop.com\/index.php?rest_route=%2Fwp%2Fv2%2Fproduct_tag&post=12164"}],"curies":[{"name":"wp","href":"https:\/\/api.w.org\/{rel}","templated":true}]}}