{"id":12153,"date":"2025-12-10T09:57:42","date_gmt":"2025-12-10T09:57:42","guid":{"rendered":"https:\/\/adambookshop.com\/?post_type=product&#038;p=12153"},"modified":"2025-12-10T09:57:42","modified_gmt":"2025-12-10T09:57:42","slug":"spiegelbilder","status":"publish","type":"product","link":"https:\/\/adambookshop.com\/?product=spiegelbilder","title":{"rendered":"Spiegelbilder"},"content":{"rendered":"<p>In diesem Werk beschreitet Machfus einen v\u00f6llig neuen Weg, um das Beziehungsgeflecht seines Lebens und seiner Zeit festzuhalten. Er erz\u00e4hlt von Begegnungen aus seiner Kindheit, seiner Studienzeit und seiner Laufbahn als Beamter, von Freunden und Feinden. Er f\u00fchrt uns von den Salons der Intellektuellen zu Bordellen und Nachtclubs und in die Gassen seiner Kindheit. Vierundf\u00fcnfzig funkelnde, pr\u00e4gnante, heitere und melancholische Portr\u00e4ts f\u00fcgen sich zu einem Kaleidoskop mit immer neuen Mustern zusammen. Der bekannte \u00e4gyptische Maler Saif Wanli hat zu jedem der Portr\u00e4ts ein ebenso treffendes Bild geschaffen.<\/p>\n","protected":false},"excerpt":{"rendered":"<p>ISBN:9783293207677<\/p>\n<p>&nbsp;<\/p>\n","protected":false},"featured_media":12154,"comment_status":"open","ping_status":"closed","template":"","meta":{"content-type":""},"product_brand":[],"product_cat":[193,217],"product_tag":[],"class_list":{"0":"post-12153","1":"product","2":"type-product","3":"status-publish","4":"has-post-thumbnail","6":"product_cat-german","7":"product_cat-novels-german","8":"pa_format-paperback","10":"first","11":"instock","12":"taxable","13":"shipping-taxable","14":"purchasable","15":"product-type-simple"},"_links":{"self":[{"href":"https:\/\/adambookshop.com\/index.php?rest_route=\/wp\/v2\/product\/12153","targetHints":{"allow":["GET"]}}],"collection":[{"href":"https:\/\/adambookshop.com\/index.php?rest_route=\/wp\/v2\/product"}],"about":[{"href":"https:\/\/adambookshop.com\/index.php?rest_route=\/wp\/v2\/types\/product"}],"replies":[{"embeddable":true,"href":"https:\/\/adambookshop.com\/index.php?rest_route=%2Fwp%2Fv2%2Fcomments&post=12153"}],"wp:featuredmedia":[{"embeddable":true,"href":"https:\/\/adambookshop.com\/index.php?rest_route=\/wp\/v2\/media\/12154"}],"wp:attachment":[{"href":"https:\/\/adambookshop.com\/index.php?rest_route=%2Fwp%2Fv2%2Fmedia&parent=12153"}],"wp:term":[{"taxonomy":"product_brand","embeddable":true,"href":"https:\/\/adambookshop.com\/index.php?rest_route=%2Fwp%2Fv2%2Fproduct_brand&post=12153"},{"taxonomy":"product_cat","embeddable":true,"href":"https:\/\/adambookshop.com\/index.php?rest_route=%2Fwp%2Fv2%2Fproduct_cat&post=12153"},{"taxonomy":"product_tag","embeddable":true,"href":"https:\/\/adambookshop.com\/index.php?rest_route=%2Fwp%2Fv2%2Fproduct_tag&post=12153"}],"curies":[{"name":"wp","href":"https:\/\/api.w.org\/{rel}","templated":true}]}}