{"id":12148,"date":"2025-12-10T09:37:33","date_gmt":"2025-12-10T09:37:33","guid":{"rendered":"https:\/\/adambookshop.com\/?post_type=product&#038;p=12148"},"modified":"2025-12-10T09:37:34","modified_gmt":"2025-12-10T09:37:34","slug":"palast-der-sehnsucht","status":"publish","type":"product","link":"https:\/\/adambookshop.com\/?product=palast-der-sehnsucht","title":{"rendered":"Palast der Sehnsucht"},"content":{"rendered":"<p>F\u00fcnf Jahre nach dem Tod von Fahmy, dem Sohn von Sayed Ahmed Abdel Gawad, taucht der Vater wieder auf. Seine T\u00f6chter sind nach ihren Heiraten in den 1920er Jahren in das Viertel Qasr El Shawq in Gamaliya gezogen. Zanouba wurde im Haus der Gelehrten Zubaida geboren, doch Sayed Abdel Gawad, der sein Nachtleben aufgegeben hatte, schenkte ihr keine Beachtung. Als er zu Zubaidas Haus zur\u00fcckkehrt, ist er \u00fcberrascht, aus dem kleinen M\u00e4dchen von gestern eine junge Frau zu machen. Zanouba gelingt es, Sayed Abdel Gawad f\u00fcr sich zu gewinnen und ihn zu \u00fcberzeugen, ihr ein Hausboot zu kaufen. Gleichzeitig liebt sie jedoch Yassin, Ahmed Abdel Gawads Sohn, ohne die Wahrheit zu kennen, und heiratet ihn. Sie wird eine angesehene Ehefrau in Sayed Abdel Gawads Familie. Kamal liebt Aida, doch sie weigert sich, ihn zu heiraten. Daraufhin verleugnet er die Prinzipien und Ideale, an die er einst glaubte, nachdem sie ihn wegen seiner Armut verspottet hat. Sie heiratet schlie\u00dflich einen wohlhabenden jungen Mann.<\/p>\n","protected":false},"excerpt":{"rendered":"<p>ISBN:9783293207509<\/p>\n<p>&nbsp;<\/p>\n","protected":false},"featured_media":12149,"comment_status":"open","ping_status":"closed","template":"","meta":{"content-type":""},"product_brand":[],"product_cat":[193,217],"product_tag":[],"class_list":{"0":"post-12148","1":"product","2":"type-product","3":"status-publish","4":"has-post-thumbnail","6":"product_cat-german","7":"product_cat-novels-german","8":"pa_format-paperback","10":"first","11":"instock","12":"taxable","13":"shipping-taxable","14":"purchasable","15":"product-type-simple"},"_links":{"self":[{"href":"https:\/\/adambookshop.com\/index.php?rest_route=\/wp\/v2\/product\/12148","targetHints":{"allow":["GET"]}}],"collection":[{"href":"https:\/\/adambookshop.com\/index.php?rest_route=\/wp\/v2\/product"}],"about":[{"href":"https:\/\/adambookshop.com\/index.php?rest_route=\/wp\/v2\/types\/product"}],"replies":[{"embeddable":true,"href":"https:\/\/adambookshop.com\/index.php?rest_route=%2Fwp%2Fv2%2Fcomments&post=12148"}],"wp:featuredmedia":[{"embeddable":true,"href":"https:\/\/adambookshop.com\/index.php?rest_route=\/wp\/v2\/media\/12149"}],"wp:attachment":[{"href":"https:\/\/adambookshop.com\/index.php?rest_route=%2Fwp%2Fv2%2Fmedia&parent=12148"}],"wp:term":[{"taxonomy":"product_brand","embeddable":true,"href":"https:\/\/adambookshop.com\/index.php?rest_route=%2Fwp%2Fv2%2Fproduct_brand&post=12148"},{"taxonomy":"product_cat","embeddable":true,"href":"https:\/\/adambookshop.com\/index.php?rest_route=%2Fwp%2Fv2%2Fproduct_cat&post=12148"},{"taxonomy":"product_tag","embeddable":true,"href":"https:\/\/adambookshop.com\/index.php?rest_route=%2Fwp%2Fv2%2Fproduct_tag&post=12148"}],"curies":[{"name":"wp","href":"https:\/\/api.w.org\/{rel}","templated":true}]}}