{"id":12142,"date":"2025-12-10T09:30:29","date_gmt":"2025-12-10T09:30:29","guid":{"rendered":"https:\/\/adambookshop.com\/?post_type=product&#038;p=12142"},"modified":"2025-12-10T09:30:30","modified_gmt":"2025-12-10T09:30:30","slug":"eine-nebensache","status":"publish","type":"product","link":"https:\/\/adambookshop.com\/?product=eine-nebensache","title":{"rendered":"Eine Nebensache"},"content":{"rendered":"<p>Im Sommer 1949 wird ein pal\u00e4stinensisches Beduinenm\u00e4dchen von israelischen Soldaten misshandelt und ermordet. Jahrzehnte sp\u00e4ter versucht eine junge Frau aus Ramallah, mehr \u00fcber diesen Vorfall herauszufinden. Sie ist fasziniert, ja besessen davon, besonders weil er sich genau 25 Jahre vor ihrer Geburt ereignete. Ein Detail, das ihr eigenes Leben mit dem des M\u00e4dchens verbindet.<\/p>\n<p>Adania Shibli verwebt die Geschichten beider Frauen zu einer eindringlichen Meditation \u00fcber Krieg, Gewalt und die Frage der Gerechtigkeit in der Erz\u00e4hlung.<\/p>\n","protected":false},"excerpt":{"rendered":"<p>ISBN:9783293710177<\/p>\n<p>&nbsp;<\/p>\n","protected":false},"featured_media":12143,"comment_status":"open","ping_status":"closed","template":"","meta":{"content-type":""},"product_brand":[],"product_cat":[193,217],"product_tag":[],"class_list":{"0":"post-12142","1":"product","2":"type-product","3":"status-publish","4":"has-post-thumbnail","6":"product_cat-german","7":"product_cat-novels-german","8":"pa_format-paperback","10":"first","11":"instock","12":"taxable","13":"shipping-taxable","14":"purchasable","15":"product-type-simple"},"_links":{"self":[{"href":"https:\/\/adambookshop.com\/index.php?rest_route=\/wp\/v2\/product\/12142","targetHints":{"allow":["GET"]}}],"collection":[{"href":"https:\/\/adambookshop.com\/index.php?rest_route=\/wp\/v2\/product"}],"about":[{"href":"https:\/\/adambookshop.com\/index.php?rest_route=\/wp\/v2\/types\/product"}],"replies":[{"embeddable":true,"href":"https:\/\/adambookshop.com\/index.php?rest_route=%2Fwp%2Fv2%2Fcomments&post=12142"}],"wp:featuredmedia":[{"embeddable":true,"href":"https:\/\/adambookshop.com\/index.php?rest_route=\/wp\/v2\/media\/12143"}],"wp:attachment":[{"href":"https:\/\/adambookshop.com\/index.php?rest_route=%2Fwp%2Fv2%2Fmedia&parent=12142"}],"wp:term":[{"taxonomy":"product_brand","embeddable":true,"href":"https:\/\/adambookshop.com\/index.php?rest_route=%2Fwp%2Fv2%2Fproduct_brand&post=12142"},{"taxonomy":"product_cat","embeddable":true,"href":"https:\/\/adambookshop.com\/index.php?rest_route=%2Fwp%2Fv2%2Fproduct_cat&post=12142"},{"taxonomy":"product_tag","embeddable":true,"href":"https:\/\/adambookshop.com\/index.php?rest_route=%2Fwp%2Fv2%2Fproduct_tag&post=12142"}],"curies":[{"name":"wp","href":"https:\/\/api.w.org\/{rel}","templated":true}]}}