{"id":12140,"date":"2025-12-10T09:27:14","date_gmt":"2025-12-10T09:27:14","guid":{"rendered":"https:\/\/adambookshop.com\/?post_type=product&#038;p=12140"},"modified":"2025-12-10T09:27:15","modified_gmt":"2025-12-10T09:27:15","slug":"damals-in-alexandria","status":"publish","type":"product","link":"https:\/\/adambookshop.com\/?product=damals-in-alexandria","title":{"rendered":"Damals in Alexandria"},"content":{"rendered":"<p>Eine lebenslustige j\u00fcdische Gro\u00dffamilie aus allen Ecken der Welt. In Alexandria kommen sie zusammen, zanken, necken, befehden und vers\u00f6hnen sich in einem halben Dutzend Sprachen. Sie sind Bankiers, Kaufleute, Faulenzer und Tr\u00e4umer, die hier ihr Paradies gefunden haben. Die beiden Gro\u00dfv\u00e4ter trauen einander nicht \u00fcber den Weg, die Gro\u00dfm\u00fctter unterhalten eine damenhafte Freundschaft, w\u00e4hrend der schwindelnde Gro\u00dfonkel philosophische Fragen zu stellen pflegt. Die Ankunft der aus Nazideutschland gefl\u00fcchteten Tante l\u00e4sst erste Wolken aufziehen, und bald lauscht alles auf das Vorr\u00fccken von Rommels Panzern. Doch die Lebensfreude l\u00e4sst die Familie sich nicht nehmen. Sie lebt und liebt, bis sie vom Wind der politischen Ereignisse wieder zerstreut wird.<\/p>\n","protected":false},"excerpt":{"rendered":"<p>ISBN:9783293208780<\/p>\n<p>&nbsp;<\/p>\n","protected":false},"featured_media":12141,"comment_status":"open","ping_status":"closed","template":"","meta":{"content-type":""},"product_brand":[],"product_cat":[193,217],"product_tag":[],"class_list":{"0":"post-12140","1":"product","2":"type-product","3":"status-publish","4":"has-post-thumbnail","6":"product_cat-german","7":"product_cat-novels-german","8":"pa_format-paperback","10":"first","11":"instock","12":"taxable","13":"shipping-taxable","14":"purchasable","15":"product-type-simple"},"_links":{"self":[{"href":"https:\/\/adambookshop.com\/index.php?rest_route=\/wp\/v2\/product\/12140","targetHints":{"allow":["GET"]}}],"collection":[{"href":"https:\/\/adambookshop.com\/index.php?rest_route=\/wp\/v2\/product"}],"about":[{"href":"https:\/\/adambookshop.com\/index.php?rest_route=\/wp\/v2\/types\/product"}],"replies":[{"embeddable":true,"href":"https:\/\/adambookshop.com\/index.php?rest_route=%2Fwp%2Fv2%2Fcomments&post=12140"}],"wp:featuredmedia":[{"embeddable":true,"href":"https:\/\/adambookshop.com\/index.php?rest_route=\/wp\/v2\/media\/12141"}],"wp:attachment":[{"href":"https:\/\/adambookshop.com\/index.php?rest_route=%2Fwp%2Fv2%2Fmedia&parent=12140"}],"wp:term":[{"taxonomy":"product_brand","embeddable":true,"href":"https:\/\/adambookshop.com\/index.php?rest_route=%2Fwp%2Fv2%2Fproduct_brand&post=12140"},{"taxonomy":"product_cat","embeddable":true,"href":"https:\/\/adambookshop.com\/index.php?rest_route=%2Fwp%2Fv2%2Fproduct_cat&post=12140"},{"taxonomy":"product_tag","embeddable":true,"href":"https:\/\/adambookshop.com\/index.php?rest_route=%2Fwp%2Fv2%2Fproduct_tag&post=12140"}],"curies":[{"name":"wp","href":"https:\/\/api.w.org\/{rel}","templated":true}]}}