{"id":12079,"date":"2025-12-05T16:21:18","date_gmt":"2025-12-05T16:21:18","guid":{"rendered":"https:\/\/adambookshop.com\/?post_type=product&#038;p=12079"},"modified":"2025-12-05T16:21:19","modified_gmt":"2025-12-05T16:21:19","slug":"bitte-nicht-offnen-5-magic","status":"publish","type":"product","link":"https:\/\/adambookshop.com\/?product=bitte-nicht-offnen-5-magic","title":{"rendered":"Bitte nicht \u00f6ffnen 5: Magic"},"content":{"rendered":"<p>Bitte nicht \u00f6ffnen 5: Magic! : Wer hat mein Einhorn gesehen? Lustige Kinderbuch-Serie ab 8 Jahren \u00fcber geheimnisvolle P\u00e4ckchen und magische Wesen<\/p>\n","protected":false},"excerpt":{"rendered":"<p>ISBN:9783551652157<\/p>\n<p>&nbsp;<\/p>\n","protected":false},"featured_media":12081,"comment_status":"open","ping_status":"closed","template":"","meta":{"content-type":""},"product_brand":[],"product_cat":[217],"product_tag":[],"class_list":{"0":"post-12079","1":"product","2":"type-product","3":"status-publish","4":"has-post-thumbnail","6":"product_cat-novels-german","7":"pa_format-hardcover","9":"first","10":"instock","11":"taxable","12":"shipping-taxable","13":"purchasable","14":"product-type-simple"},"_links":{"self":[{"href":"https:\/\/adambookshop.com\/index.php?rest_route=\/wp\/v2\/product\/12079","targetHints":{"allow":["GET"]}}],"collection":[{"href":"https:\/\/adambookshop.com\/index.php?rest_route=\/wp\/v2\/product"}],"about":[{"href":"https:\/\/adambookshop.com\/index.php?rest_route=\/wp\/v2\/types\/product"}],"replies":[{"embeddable":true,"href":"https:\/\/adambookshop.com\/index.php?rest_route=%2Fwp%2Fv2%2Fcomments&post=12079"}],"wp:featuredmedia":[{"embeddable":true,"href":"https:\/\/adambookshop.com\/index.php?rest_route=\/wp\/v2\/media\/12081"}],"wp:attachment":[{"href":"https:\/\/adambookshop.com\/index.php?rest_route=%2Fwp%2Fv2%2Fmedia&parent=12079"}],"wp:term":[{"taxonomy":"product_brand","embeddable":true,"href":"https:\/\/adambookshop.com\/index.php?rest_route=%2Fwp%2Fv2%2Fproduct_brand&post=12079"},{"taxonomy":"product_cat","embeddable":true,"href":"https:\/\/adambookshop.com\/index.php?rest_route=%2Fwp%2Fv2%2Fproduct_cat&post=12079"},{"taxonomy":"product_tag","embeddable":true,"href":"https:\/\/adambookshop.com\/index.php?rest_route=%2Fwp%2Fv2%2Fproduct_tag&post=12079"}],"curies":[{"name":"wp","href":"https:\/\/api.w.org\/{rel}","templated":true}]}}