{"id":12077,"date":"2025-12-05T16:10:27","date_gmt":"2025-12-05T16:10:27","guid":{"rendered":"https:\/\/adambookshop.com\/?post_type=product&#038;p=12077"},"modified":"2025-12-05T16:10:27","modified_gmt":"2025-12-05T16:10:27","slug":"bitte-nicht-offnen-8-kratzig","status":"publish","type":"product","link":"https:\/\/adambookshop.com\/?product=bitte-nicht-offnen-8-kratzig","title":{"rendered":"Bitte nicht \u00f6ffnen 8: Kratzig!"},"content":{"rendered":"<p>Bitte nicht \u00f6ffnen 8: Kratzig! : Wer hat meine Maus gesehen? Lustige Kinderbuch-Serie ab 8 Jahren \u00fcber geheimnisvolle P\u00e4ckchen und schrullige Monster<\/p>\n","protected":false},"excerpt":{"rendered":"<p>ISBN:9783551652188<\/p>\n<p>&nbsp;<\/p>\n","protected":false},"featured_media":12078,"comment_status":"open","ping_status":"closed","template":"","meta":{"content-type":""},"product_brand":[],"product_cat":[217],"product_tag":[],"class_list":{"0":"post-12077","1":"product","2":"type-product","3":"status-publish","4":"has-post-thumbnail","6":"product_cat-novels-german","7":"pa_format-hardcover","9":"first","10":"instock","11":"taxable","12":"shipping-taxable","13":"purchasable","14":"product-type-simple"},"_links":{"self":[{"href":"https:\/\/adambookshop.com\/index.php?rest_route=\/wp\/v2\/product\/12077","targetHints":{"allow":["GET"]}}],"collection":[{"href":"https:\/\/adambookshop.com\/index.php?rest_route=\/wp\/v2\/product"}],"about":[{"href":"https:\/\/adambookshop.com\/index.php?rest_route=\/wp\/v2\/types\/product"}],"replies":[{"embeddable":true,"href":"https:\/\/adambookshop.com\/index.php?rest_route=%2Fwp%2Fv2%2Fcomments&post=12077"}],"wp:featuredmedia":[{"embeddable":true,"href":"https:\/\/adambookshop.com\/index.php?rest_route=\/wp\/v2\/media\/12078"}],"wp:attachment":[{"href":"https:\/\/adambookshop.com\/index.php?rest_route=%2Fwp%2Fv2%2Fmedia&parent=12077"}],"wp:term":[{"taxonomy":"product_brand","embeddable":true,"href":"https:\/\/adambookshop.com\/index.php?rest_route=%2Fwp%2Fv2%2Fproduct_brand&post=12077"},{"taxonomy":"product_cat","embeddable":true,"href":"https:\/\/adambookshop.com\/index.php?rest_route=%2Fwp%2Fv2%2Fproduct_cat&post=12077"},{"taxonomy":"product_tag","embeddable":true,"href":"https:\/\/adambookshop.com\/index.php?rest_route=%2Fwp%2Fv2%2Fproduct_tag&post=12077"}],"curies":[{"name":"wp","href":"https:\/\/api.w.org\/{rel}","templated":true}]}}