{"id":12073,"date":"2025-12-05T16:05:48","date_gmt":"2025-12-05T16:05:48","guid":{"rendered":"https:\/\/adambookshop.com\/?post_type=product&#038;p=12073"},"modified":"2025-12-05T16:05:48","modified_gmt":"2025-12-05T16:05:48","slug":"bitte-nicht-offnen-6-rostig","status":"publish","type":"product","link":"https:\/\/adambookshop.com\/?product=bitte-nicht-offnen-6-rostig","title":{"rendered":"Bitte nicht \u00f6ffnen 6: Rostig!"},"content":{"rendered":"<p>Bitte nicht \u00f6ffnen 6 Rostig Kinderbuch Bestseller \u00fcber lustige Wesen chaotische Abenteuer und beste Freunde ab 8<\/p>\n","protected":false},"excerpt":{"rendered":"<p>ISBN:9783551652164<\/p>\n<p>&nbsp;<\/p>\n","protected":false},"featured_media":12074,"comment_status":"open","ping_status":"closed","template":"","meta":{"content-type":""},"product_brand":[],"product_cat":[217],"product_tag":[],"class_list":{"0":"post-12073","1":"product","2":"type-product","3":"status-publish","4":"has-post-thumbnail","6":"product_cat-novels-german","7":"pa_format-hardcover","9":"first","10":"instock","11":"taxable","12":"shipping-taxable","13":"purchasable","14":"product-type-simple"},"_links":{"self":[{"href":"https:\/\/adambookshop.com\/index.php?rest_route=\/wp\/v2\/product\/12073","targetHints":{"allow":["GET"]}}],"collection":[{"href":"https:\/\/adambookshop.com\/index.php?rest_route=\/wp\/v2\/product"}],"about":[{"href":"https:\/\/adambookshop.com\/index.php?rest_route=\/wp\/v2\/types\/product"}],"replies":[{"embeddable":true,"href":"https:\/\/adambookshop.com\/index.php?rest_route=%2Fwp%2Fv2%2Fcomments&post=12073"}],"wp:featuredmedia":[{"embeddable":true,"href":"https:\/\/adambookshop.com\/index.php?rest_route=\/wp\/v2\/media\/12074"}],"wp:attachment":[{"href":"https:\/\/adambookshop.com\/index.php?rest_route=%2Fwp%2Fv2%2Fmedia&parent=12073"}],"wp:term":[{"taxonomy":"product_brand","embeddable":true,"href":"https:\/\/adambookshop.com\/index.php?rest_route=%2Fwp%2Fv2%2Fproduct_brand&post=12073"},{"taxonomy":"product_cat","embeddable":true,"href":"https:\/\/adambookshop.com\/index.php?rest_route=%2Fwp%2Fv2%2Fproduct_cat&post=12073"},{"taxonomy":"product_tag","embeddable":true,"href":"https:\/\/adambookshop.com\/index.php?rest_route=%2Fwp%2Fv2%2Fproduct_tag&post=12073"}],"curies":[{"name":"wp","href":"https:\/\/api.w.org\/{rel}","templated":true}]}}