{"id":12016,"date":"2025-12-01T11:19:29","date_gmt":"2025-12-01T11:19:29","guid":{"rendered":"https:\/\/adambookshop.com\/?post_type=product&#038;p=12016"},"modified":"2025-12-01T11:19:30","modified_gmt":"2025-12-01T11:19:30","slug":"rue-des-boutiques-obscures","status":"publish","type":"product","link":"https:\/\/adambookshop.com\/?product=rue-des-boutiques-obscures","title":{"rendered":"Rue Des Boutiques Obscures"},"content":{"rendered":"<p>Qui pousse un certain Guy Roland, employ\u00e9 d\u2019une agence de police priv\u00e9e que dirige un baron balte, \u00e0 partir \u00e0 la recherche d\u2019un inconnu, disparu depuis longtemps\u202f? Le besoin de se retrouver lui-m\u00eame apr\u00e8s des ann\u00e9es d\u2019amn\u00e9sie\u202f?<br \/>\nAu cours de sa recherche, il recueille des bribes de la vie de cet homme qui \u00e9tait peut-\u00eatre lui et \u00e0 qui, de toute fa\u00e7on, il finit par s\u2019identifier. Comme dans un dernier tour de man\u00e8ge, passent les t\u00e9moins de la jeunesse de ce Pedro Mc Evoy, les seuls qui pourraient le reconna\u00eetre\u202f: H\u00e9l\u00e8ne Coudreuse, Fredy Howard de Luz, Gay Orlow, D\u00e9d\u00e9 Wildmer, Scouffi, Rubirosa, Sonachitz\u00e9, d\u2019autres encore, aux noms et aux passeports compliqu\u00e9s, qui font que ce livre pourrait \u00eatre l\u2019intrusion des \u00e2mes errantes dans le roman policier.<\/p>\n","protected":false},"excerpt":{"rendered":"<p>ISBN:9782070373581<\/p>\n<p>&nbsp;<\/p>\n","protected":false},"featured_media":12018,"comment_status":"open","ping_status":"closed","template":"","meta":{"content-type":""},"product_brand":[525],"product_cat":[220,15],"product_tag":[],"class_list":{"0":"post-12016","1":"product","2":"type-product","3":"status-publish","4":"has-post-thumbnail","6":"product_brand-525","7":"product_cat-adult","8":"product_cat-french","9":"pa_format-paperback","11":"first","12":"instock","13":"taxable","14":"shipping-taxable","15":"purchasable","16":"product-type-simple"},"_links":{"self":[{"href":"https:\/\/adambookshop.com\/index.php?rest_route=\/wp\/v2\/product\/12016","targetHints":{"allow":["GET"]}}],"collection":[{"href":"https:\/\/adambookshop.com\/index.php?rest_route=\/wp\/v2\/product"}],"about":[{"href":"https:\/\/adambookshop.com\/index.php?rest_route=\/wp\/v2\/types\/product"}],"replies":[{"embeddable":true,"href":"https:\/\/adambookshop.com\/index.php?rest_route=%2Fwp%2Fv2%2Fcomments&post=12016"}],"wp:featuredmedia":[{"embeddable":true,"href":"https:\/\/adambookshop.com\/index.php?rest_route=\/wp\/v2\/media\/12018"}],"wp:attachment":[{"href":"https:\/\/adambookshop.com\/index.php?rest_route=%2Fwp%2Fv2%2Fmedia&parent=12016"}],"wp:term":[{"taxonomy":"product_brand","embeddable":true,"href":"https:\/\/adambookshop.com\/index.php?rest_route=%2Fwp%2Fv2%2Fproduct_brand&post=12016"},{"taxonomy":"product_cat","embeddable":true,"href":"https:\/\/adambookshop.com\/index.php?rest_route=%2Fwp%2Fv2%2Fproduct_cat&post=12016"},{"taxonomy":"product_tag","embeddable":true,"href":"https:\/\/adambookshop.com\/index.php?rest_route=%2Fwp%2Fv2%2Fproduct_tag&post=12016"}],"curies":[{"name":"wp","href":"https:\/\/api.w.org\/{rel}","templated":true}]}}