{"id":12010,"date":"2025-12-01T11:11:56","date_gmt":"2025-12-01T11:11:56","guid":{"rendered":"https:\/\/adambookshop.com\/?post_type=product&#038;p=12010"},"modified":"2025-12-01T11:11:58","modified_gmt":"2025-12-01T11:11:58","slug":"balzac-et-la-petite-tailleuse-chinoise","status":"publish","type":"product","link":"https:\/\/adambookshop.com\/?product=balzac-et-la-petite-tailleuse-chinoise","title":{"rendered":"Balzac et la Petite Tailleuse chinoise"},"content":{"rendered":"<p>\u00ab Nous nous approch\u00e2mes de la valise. Elle \u00e9tait ficel\u00e9e par une grosse corde de paille tress\u00e9e, nou\u00e9e en croix. Nous la d\u00e9barrass\u00e2mes de ses liens et l\u2019ouvr\u00eemes silencieusement. \u00c0 l\u2019int\u00e9rieur, des piles de livres s\u2019illumin\u00e8rent sous notre torche \u00e9lectrique ; les grands \u00e9crivains occidentaux nous accueillirent \u00e0 bras ouverts : \u00e0 leur t\u00eate se tenait notre vieil ami Balzac, avec cinq ou six romans, suivi de Victor Hugo, Stendhal, Dumas, Flaubert, Baudelaire, Romain Rolland, Rousseau, Tolsto\u00ef, Gogol, Dosto\u00efevski, et quelques Anglais : Dickens, Kipling, Emily Bront\u00eb\u2026 Quel \u00e9blouissement !<br \/>\nIl referma la valise et, posant une main dessus, comme un chr\u00e9tien pr\u00eatant serment, il me d\u00e9clara :<br \/>\n\u2014Avec ces livres, je vais transformer la Petite Tailleuse. Elle ne sera plus jamais une simple montagnarde. \u00bb<\/p>\n","protected":false},"excerpt":{"rendered":"<p>ISBN:9782070416806<\/p>\n<p>&nbsp;<\/p>\n","protected":false},"featured_media":12011,"comment_status":"open","ping_status":"closed","template":"","meta":{"content-type":""},"product_brand":[525],"product_cat":[220,15],"product_tag":[],"class_list":{"0":"post-12010","1":"product","2":"type-product","3":"status-publish","4":"has-post-thumbnail","6":"product_brand-525","7":"product_cat-adult","8":"product_cat-french","9":"pa_format-paperback","11":"first","12":"instock","13":"taxable","14":"shipping-taxable","15":"purchasable","16":"product-type-simple"},"_links":{"self":[{"href":"https:\/\/adambookshop.com\/index.php?rest_route=\/wp\/v2\/product\/12010","targetHints":{"allow":["GET"]}}],"collection":[{"href":"https:\/\/adambookshop.com\/index.php?rest_route=\/wp\/v2\/product"}],"about":[{"href":"https:\/\/adambookshop.com\/index.php?rest_route=\/wp\/v2\/types\/product"}],"replies":[{"embeddable":true,"href":"https:\/\/adambookshop.com\/index.php?rest_route=%2Fwp%2Fv2%2Fcomments&post=12010"}],"wp:featuredmedia":[{"embeddable":true,"href":"https:\/\/adambookshop.com\/index.php?rest_route=\/wp\/v2\/media\/12011"}],"wp:attachment":[{"href":"https:\/\/adambookshop.com\/index.php?rest_route=%2Fwp%2Fv2%2Fmedia&parent=12010"}],"wp:term":[{"taxonomy":"product_brand","embeddable":true,"href":"https:\/\/adambookshop.com\/index.php?rest_route=%2Fwp%2Fv2%2Fproduct_brand&post=12010"},{"taxonomy":"product_cat","embeddable":true,"href":"https:\/\/adambookshop.com\/index.php?rest_route=%2Fwp%2Fv2%2Fproduct_cat&post=12010"},{"taxonomy":"product_tag","embeddable":true,"href":"https:\/\/adambookshop.com\/index.php?rest_route=%2Fwp%2Fv2%2Fproduct_tag&post=12010"}],"curies":[{"name":"wp","href":"https:\/\/api.w.org\/{rel}","templated":true}]}}