{"id":12008,"date":"2025-12-01T11:09:23","date_gmt":"2025-12-01T11:09:23","guid":{"rendered":"https:\/\/adambookshop.com\/?post_type=product&#038;p=12008"},"modified":"2025-12-01T11:09:24","modified_gmt":"2025-12-01T11:09:24","slug":"du-cote-de-chez-swann","status":"publish","type":"product","link":"https:\/\/adambookshop.com\/?product=du-cote-de-chez-swann","title":{"rendered":"Du Cote De Chez Swann"},"content":{"rendered":"<p>Et tout d&#8217;un coup le souvenir m&#8217;est apparu. Ce gout, c&#8217;\u00e9tait celui du petit morceau de madeleine que le dimanche matin a Combray (parce que ce jour-la je ne sortais pas avant l&#8217;heure de la messe), quand j&#8217;allais lui dire bonjour dans sa chambre, ma tante L\u00e9onie m&#8217;offrait apres l&#8217;avoir tremp\u00e9 dans son infusion de th\u00e9 ou de tilleul. La vue de la petite madeleine ne m&#8217;avait rien rappel\u00e9 avant que je n&#8217;y eusse gout\u00e9&#8230; Mais, quand d&#8217;un pass\u00e9 ancien rien ne subsiste, apres la mort des etres, apres la destruction des choses, seules, plus freles mais plus vivaces, plus immat\u00e9rielles, plus persistantes, plus fideles, l&#8217;odeur et la saveur restent encore longtemps, comme des \u00e2mes, a se rappeler, a attendre, a esp\u00e9rer, sur la ruine de tout le reste, a porter sans fl\u00e9chir, sur leur goutelette presque impalpable, l&#8217;\u00e9difice immense du souvenir.<\/p>\n","protected":false},"excerpt":{"rendered":"<p>ISBN:9782070379248<\/p>\n<p>&nbsp;<\/p>\n","protected":false},"featured_media":12009,"comment_status":"open","ping_status":"closed","template":"","meta":{"content-type":""},"product_brand":[525],"product_cat":[220,15],"product_tag":[],"class_list":{"0":"post-12008","1":"product","2":"type-product","3":"status-publish","4":"has-post-thumbnail","6":"product_brand-525","7":"product_cat-adult","8":"product_cat-french","9":"pa_format-paperback","11":"first","12":"instock","13":"taxable","14":"shipping-taxable","15":"purchasable","16":"product-type-simple"},"_links":{"self":[{"href":"https:\/\/adambookshop.com\/index.php?rest_route=\/wp\/v2\/product\/12008","targetHints":{"allow":["GET"]}}],"collection":[{"href":"https:\/\/adambookshop.com\/index.php?rest_route=\/wp\/v2\/product"}],"about":[{"href":"https:\/\/adambookshop.com\/index.php?rest_route=\/wp\/v2\/types\/product"}],"replies":[{"embeddable":true,"href":"https:\/\/adambookshop.com\/index.php?rest_route=%2Fwp%2Fv2%2Fcomments&post=12008"}],"wp:featuredmedia":[{"embeddable":true,"href":"https:\/\/adambookshop.com\/index.php?rest_route=\/wp\/v2\/media\/12009"}],"wp:attachment":[{"href":"https:\/\/adambookshop.com\/index.php?rest_route=%2Fwp%2Fv2%2Fmedia&parent=12008"}],"wp:term":[{"taxonomy":"product_brand","embeddable":true,"href":"https:\/\/adambookshop.com\/index.php?rest_route=%2Fwp%2Fv2%2Fproduct_brand&post=12008"},{"taxonomy":"product_cat","embeddable":true,"href":"https:\/\/adambookshop.com\/index.php?rest_route=%2Fwp%2Fv2%2Fproduct_cat&post=12008"},{"taxonomy":"product_tag","embeddable":true,"href":"https:\/\/adambookshop.com\/index.php?rest_route=%2Fwp%2Fv2%2Fproduct_tag&post=12008"}],"curies":[{"name":"wp","href":"https:\/\/api.w.org\/{rel}","templated":true}]}}