{"id":12002,"date":"2025-12-01T11:01:37","date_gmt":"2025-12-01T11:01:37","guid":{"rendered":"https:\/\/adambookshop.com\/?post_type=product&#038;p=12002"},"modified":"2025-12-01T11:01:37","modified_gmt":"2025-12-01T11:01:37","slug":"trois-femmes-puissantes-folio","status":"publish","type":"product","link":"https:\/\/adambookshop.com\/?product=trois-femmes-puissantes-folio","title":{"rendered":"Trois Femmes Puissantes (Folio)"},"content":{"rendered":"<p>Trois r\u00e9cits, trois femmes qui disent non. Elles s\u2019appellent Norah, Fanta, Khady Demba. Chacune se bat pour pr\u00e9server sa dignit\u00e9 contre les humiliations que la vie lui inflige avec une obstination m\u00e9thodique et incompr\u00e9hensible.<br \/>\nL\u2019art de Marie NDiaye appara\u00eet ici dans toute sa singularit\u00e9 et son myst\u00e8re. La force de son \u00e9criture tient \u00e0 son apparente douceur, aux lentes circonvolutions qui entra\u00eenent le lecteur sous le glacis d\u2019une prose impeccable et raffin\u00e9e, dans les m\u00e9andres d\u2019une conscience livr\u00e9e \u00e0 la pure violence des sentiments.<\/p>\n","protected":false},"excerpt":{"rendered":"<p style=\"direction: rtl\">ISBN:9782070440498<\/p>\n<p>&nbsp;<\/p>\n","protected":false},"featured_media":12003,"comment_status":"open","ping_status":"closed","template":"","meta":{"content-type":""},"product_brand":[525],"product_cat":[220,15],"product_tag":[],"class_list":{"0":"post-12002","1":"product","2":"type-product","3":"status-publish","4":"has-post-thumbnail","6":"product_brand-525","7":"product_cat-adult","8":"product_cat-french","9":"pa_format-paperback","11":"first","12":"instock","13":"taxable","14":"shipping-taxable","15":"purchasable","16":"product-type-simple"},"_links":{"self":[{"href":"https:\/\/adambookshop.com\/index.php?rest_route=\/wp\/v2\/product\/12002","targetHints":{"allow":["GET"]}}],"collection":[{"href":"https:\/\/adambookshop.com\/index.php?rest_route=\/wp\/v2\/product"}],"about":[{"href":"https:\/\/adambookshop.com\/index.php?rest_route=\/wp\/v2\/types\/product"}],"replies":[{"embeddable":true,"href":"https:\/\/adambookshop.com\/index.php?rest_route=%2Fwp%2Fv2%2Fcomments&post=12002"}],"wp:featuredmedia":[{"embeddable":true,"href":"https:\/\/adambookshop.com\/index.php?rest_route=\/wp\/v2\/media\/12003"}],"wp:attachment":[{"href":"https:\/\/adambookshop.com\/index.php?rest_route=%2Fwp%2Fv2%2Fmedia&parent=12002"}],"wp:term":[{"taxonomy":"product_brand","embeddable":true,"href":"https:\/\/adambookshop.com\/index.php?rest_route=%2Fwp%2Fv2%2Fproduct_brand&post=12002"},{"taxonomy":"product_cat","embeddable":true,"href":"https:\/\/adambookshop.com\/index.php?rest_route=%2Fwp%2Fv2%2Fproduct_cat&post=12002"},{"taxonomy":"product_tag","embeddable":true,"href":"https:\/\/adambookshop.com\/index.php?rest_route=%2Fwp%2Fv2%2Fproduct_tag&post=12002"}],"curies":[{"name":"wp","href":"https:\/\/api.w.org\/{rel}","templated":true}]}}