{"id":11999,"date":"2025-12-01T10:38:37","date_gmt":"2025-12-01T10:38:37","guid":{"rendered":"https:\/\/adambookshop.com\/?post_type=product&#038;p=11999"},"modified":"2025-12-01T10:38:37","modified_gmt":"2025-12-01T10:38:37","slug":"le-horla","status":"publish","type":"product","link":"https:\/\/adambookshop.com\/?product=le-horla","title":{"rendered":"Le Horla"},"content":{"rendered":"<p>Le Horla raconte la lente d\u00e9sagr\u00e9gation d\u2019un esprit, de la d\u00e9pression \u00e0 la folie \u2014 des maux que connaissait bien Maupassant. Le h\u00e9ros se sent peu \u00e0 peu envahi par un autre, qui agit \u00e0 travers lui : le Horla, puissance invisible, inconsciente, qui le manipule. S\u2019installent alors l\u2019incompr\u00e9hension, la peur, l\u2019angoisse. Jusqu\u2019\u00e0 l\u2019irr\u00e9parable.<br \/>\nPrenant la forme du journal intime, la nouvelle illustre ce que Freud nommera l\u2019inqui\u00e9tante \u00e9tranget\u00e9, cette intrusion progressive du malaise dans le quotidien. Mod\u00e8le de nouvelle fantastique, Le Horla est aussi une description clinique du d\u00e9doublement de personnalit\u00e9 qui menace toute conscience.<\/p>\n","protected":false},"excerpt":{"rendered":"<p>ISBN:9782070458202<\/p>\n<p>&nbsp;<\/p>\n","protected":false},"featured_media":12000,"comment_status":"open","ping_status":"closed","template":"","meta":{"content-type":""},"product_brand":[525],"product_cat":[220,15],"product_tag":[],"class_list":{"0":"post-11999","1":"product","2":"type-product","3":"status-publish","4":"has-post-thumbnail","6":"product_brand-525","7":"product_cat-adult","8":"product_cat-french","9":"pa_format-paperback","11":"first","12":"instock","13":"taxable","14":"shipping-taxable","15":"purchasable","16":"product-type-simple"},"_links":{"self":[{"href":"https:\/\/adambookshop.com\/index.php?rest_route=\/wp\/v2\/product\/11999","targetHints":{"allow":["GET"]}}],"collection":[{"href":"https:\/\/adambookshop.com\/index.php?rest_route=\/wp\/v2\/product"}],"about":[{"href":"https:\/\/adambookshop.com\/index.php?rest_route=\/wp\/v2\/types\/product"}],"replies":[{"embeddable":true,"href":"https:\/\/adambookshop.com\/index.php?rest_route=%2Fwp%2Fv2%2Fcomments&post=11999"}],"wp:featuredmedia":[{"embeddable":true,"href":"https:\/\/adambookshop.com\/index.php?rest_route=\/wp\/v2\/media\/12000"}],"wp:attachment":[{"href":"https:\/\/adambookshop.com\/index.php?rest_route=%2Fwp%2Fv2%2Fmedia&parent=11999"}],"wp:term":[{"taxonomy":"product_brand","embeddable":true,"href":"https:\/\/adambookshop.com\/index.php?rest_route=%2Fwp%2Fv2%2Fproduct_brand&post=11999"},{"taxonomy":"product_cat","embeddable":true,"href":"https:\/\/adambookshop.com\/index.php?rest_route=%2Fwp%2Fv2%2Fproduct_cat&post=11999"},{"taxonomy":"product_tag","embeddable":true,"href":"https:\/\/adambookshop.com\/index.php?rest_route=%2Fwp%2Fv2%2Fproduct_tag&post=11999"}],"curies":[{"name":"wp","href":"https:\/\/api.w.org\/{rel}","templated":true}]}}