{"id":11991,"date":"2025-12-01T10:01:36","date_gmt":"2025-12-01T10:01:36","guid":{"rendered":"https:\/\/adambookshop.com\/?post_type=product&#038;p=11991"},"modified":"2025-12-01T10:01:37","modified_gmt":"2025-12-01T10:01:37","slug":"les-caracteres-ou-les-moeurs-de-ce-siecle","status":"publish","type":"product","link":"https:\/\/adambookshop.com\/?product=les-caracteres-ou-les-moeurs-de-ce-siecle","title":{"rendered":"Les Caract\u00e8res ou Les Moeurs de ce si\u00e8cle"},"content":{"rendered":"<p>Dans ses Caract\u00e8res (1688), La Bruy\u00e8re (1645-1695) d\u00e9veloppe une r\u00e9flexion intemporelle sur l&#8217;homme, mais toujours incarn\u00e9e. Loin d&#8217;une peinture abstraite, il dresse le portrait vivant de ses contemporains, dessinant une galaxie de types humains, dans une forme br\u00e8ve qui lui permet de manier l&#8217;ironie et le sarcasme. Des courtisans aux amoureux, nul n&#8217;est \u00e9pargn\u00e9 par le ton acerbe du moraliste. &#8220;Dans cette langue assez r\u00e9cente que parlent les Fran\u00e7ais, et qui n&#8217;a pas un mill\u00e9naire, il est le premier prosateur qui se soit attach\u00e9 aussi assid\u00fbment \u00e0 la perfection de la forme pour le plaisir de sa beaut\u00e9 &#8220;, dans de &#8221; pures attaques de prose intenseV&#8221;, souligne Pascal Quignard.<\/p>\n","protected":false},"excerpt":{"rendered":"<p>ISBN:9782072906855<\/p>\n<p>&nbsp;<\/p>\n","protected":false},"featured_media":11992,"comment_status":"open","ping_status":"closed","template":"","meta":{"content-type":""},"product_brand":[525],"product_cat":[220,15],"product_tag":[],"class_list":{"0":"post-11991","1":"product","2":"type-product","3":"status-publish","4":"has-post-thumbnail","6":"product_brand-525","7":"product_cat-adult","8":"product_cat-french","9":"pa_format-paperback","11":"first","12":"instock","13":"taxable","14":"shipping-taxable","15":"purchasable","16":"product-type-simple"},"_links":{"self":[{"href":"https:\/\/adambookshop.com\/index.php?rest_route=\/wp\/v2\/product\/11991","targetHints":{"allow":["GET"]}}],"collection":[{"href":"https:\/\/adambookshop.com\/index.php?rest_route=\/wp\/v2\/product"}],"about":[{"href":"https:\/\/adambookshop.com\/index.php?rest_route=\/wp\/v2\/types\/product"}],"replies":[{"embeddable":true,"href":"https:\/\/adambookshop.com\/index.php?rest_route=%2Fwp%2Fv2%2Fcomments&post=11991"}],"wp:featuredmedia":[{"embeddable":true,"href":"https:\/\/adambookshop.com\/index.php?rest_route=\/wp\/v2\/media\/11992"}],"wp:attachment":[{"href":"https:\/\/adambookshop.com\/index.php?rest_route=%2Fwp%2Fv2%2Fmedia&parent=11991"}],"wp:term":[{"taxonomy":"product_brand","embeddable":true,"href":"https:\/\/adambookshop.com\/index.php?rest_route=%2Fwp%2Fv2%2Fproduct_brand&post=11991"},{"taxonomy":"product_cat","embeddable":true,"href":"https:\/\/adambookshop.com\/index.php?rest_route=%2Fwp%2Fv2%2Fproduct_cat&post=11991"},{"taxonomy":"product_tag","embeddable":true,"href":"https:\/\/adambookshop.com\/index.php?rest_route=%2Fwp%2Fv2%2Fproduct_tag&post=11991"}],"curies":[{"name":"wp","href":"https:\/\/api.w.org\/{rel}","templated":true}]}}