{"id":11985,"date":"2025-12-01T09:43:14","date_gmt":"2025-12-01T09:43:14","guid":{"rendered":"https:\/\/adambookshop.com\/?post_type=product&#038;p=11985"},"modified":"2025-12-01T09:43:15","modified_gmt":"2025-12-01T09:43:15","slug":"gargantua","status":"publish","type":"product","link":"https:\/\/adambookshop.com\/?product=gargantua","title":{"rendered":"Gargantua"},"content":{"rendered":"<p>Le g\u00e9ant Gargantua na\u00eet de l\u2019oreille de sa m\u00e8re. Nous suivons sa formation, ses jeux, ses aventures, jusqu\u2019au triomphe de ce prince, qui combat de redoutables ennemis et d\u00e9livre des populations opprim\u00e9es. Rejoint par son fils Pantagruel, tous deux guid\u00e9s par la soif de connaissance, ils rencontreront philosophes, moines, voyageurs et tyrans fantasques.Ph\u00e9nom\u00e8ne unique dans la litt\u00e9rature que ce grand \u00e9clat de rire, \u00e9pop\u00e9e pleine d\u2019audace et d\u2019ironie, parodie de roman de chevalerie. Rabelais nous livre en 1535 ce r\u00e9cit jubilatoire qui est aussi une critique sociale et politique, v\u00e9ritable plaidoyer en faveur de l\u2019humanisme. Par le d\u00e9tour du conte, il nous r\u00e9v\u00e8le les myst\u00e8res de son temps, les projets et les d\u00e9sillusions, en une explosion d\u2019images joyeuses, pitreries provocantes, jeux carnavalesques et r\u00e9f\u00e9rences \u00e9nigmatiques.Autant de d\u00e9fis lanc\u00e9s \u00e0 l\u2019interpr\u00e9tation du lecteur, qui cachent en creux une utopie empreinte de sagesse et de libert\u00e9. Une oeuvre dont l\u2019insolente subversion ne cesse de nous surprendre<\/p>\n","protected":false},"excerpt":{"rendered":"<p>ISBN:9782070317363<\/p>\n<p>&nbsp;<\/p>\n","protected":false},"featured_media":11986,"comment_status":"open","ping_status":"closed","template":"","meta":{"content-type":""},"product_brand":[525],"product_cat":[220,15],"product_tag":[],"class_list":{"0":"post-11985","1":"product","2":"type-product","3":"status-publish","4":"has-post-thumbnail","6":"product_brand-525","7":"product_cat-adult","8":"product_cat-french","9":"pa_format-paperback","11":"first","12":"instock","13":"taxable","14":"shipping-taxable","15":"purchasable","16":"product-type-simple"},"_links":{"self":[{"href":"https:\/\/adambookshop.com\/index.php?rest_route=\/wp\/v2\/product\/11985","targetHints":{"allow":["GET"]}}],"collection":[{"href":"https:\/\/adambookshop.com\/index.php?rest_route=\/wp\/v2\/product"}],"about":[{"href":"https:\/\/adambookshop.com\/index.php?rest_route=\/wp\/v2\/types\/product"}],"replies":[{"embeddable":true,"href":"https:\/\/adambookshop.com\/index.php?rest_route=%2Fwp%2Fv2%2Fcomments&post=11985"}],"wp:featuredmedia":[{"embeddable":true,"href":"https:\/\/adambookshop.com\/index.php?rest_route=\/wp\/v2\/media\/11986"}],"wp:attachment":[{"href":"https:\/\/adambookshop.com\/index.php?rest_route=%2Fwp%2Fv2%2Fmedia&parent=11985"}],"wp:term":[{"taxonomy":"product_brand","embeddable":true,"href":"https:\/\/adambookshop.com\/index.php?rest_route=%2Fwp%2Fv2%2Fproduct_brand&post=11985"},{"taxonomy":"product_cat","embeddable":true,"href":"https:\/\/adambookshop.com\/index.php?rest_route=%2Fwp%2Fv2%2Fproduct_cat&post=11985"},{"taxonomy":"product_tag","embeddable":true,"href":"https:\/\/adambookshop.com\/index.php?rest_route=%2Fwp%2Fv2%2Fproduct_tag&post=11985"}],"curies":[{"name":"wp","href":"https:\/\/api.w.org\/{rel}","templated":true}]}}