{"id":11976,"date":"2025-12-01T09:34:38","date_gmt":"2025-12-01T09:34:38","guid":{"rendered":"https:\/\/adambookshop.com\/?post_type=product&#038;p=11976"},"modified":"2025-12-01T09:34:38","modified_gmt":"2025-12-01T09:34:38","slug":"lart-du-roman","status":"publish","type":"product","link":"https:\/\/adambookshop.com\/?product=lart-du-roman","title":{"rendered":"L&#8217;art du roman"},"content":{"rendered":"<p>&#8220;Le monde des th\u00e9ories n&#8217;est pas le mien. Ces r\u00e9flexions sont celles d&#8217;un praticien. L&#8217;oeuvre de chaque romancier contient une vision implicite de l&#8217;histoire du roman, une id\u00e9e de ce qu&#8217;est le roman. C&#8217;est cette id\u00e9e du roman, inh\u00e9rente \u00e0 mes romans, que j&#8217;ai fait parler.&#8221; Milan Kundera.<\/p>\n","protected":false},"excerpt":{"rendered":"<p>ISBN:9782070328017<\/p>\n<p>&nbsp;<\/p>\n","protected":false},"featured_media":11977,"comment_status":"open","ping_status":"closed","template":"","meta":{"content-type":""},"product_brand":[525],"product_cat":[220,15],"product_tag":[],"class_list":{"0":"post-11976","1":"product","2":"type-product","3":"status-publish","4":"has-post-thumbnail","6":"product_brand-525","7":"product_cat-adult","8":"product_cat-french","9":"pa_format-paperback","11":"first","12":"instock","13":"taxable","14":"shipping-taxable","15":"purchasable","16":"product-type-simple"},"_links":{"self":[{"href":"https:\/\/adambookshop.com\/index.php?rest_route=\/wp\/v2\/product\/11976","targetHints":{"allow":["GET"]}}],"collection":[{"href":"https:\/\/adambookshop.com\/index.php?rest_route=\/wp\/v2\/product"}],"about":[{"href":"https:\/\/adambookshop.com\/index.php?rest_route=\/wp\/v2\/types\/product"}],"replies":[{"embeddable":true,"href":"https:\/\/adambookshop.com\/index.php?rest_route=%2Fwp%2Fv2%2Fcomments&post=11976"}],"wp:featuredmedia":[{"embeddable":true,"href":"https:\/\/adambookshop.com\/index.php?rest_route=\/wp\/v2\/media\/11977"}],"wp:attachment":[{"href":"https:\/\/adambookshop.com\/index.php?rest_route=%2Fwp%2Fv2%2Fmedia&parent=11976"}],"wp:term":[{"taxonomy":"product_brand","embeddable":true,"href":"https:\/\/adambookshop.com\/index.php?rest_route=%2Fwp%2Fv2%2Fproduct_brand&post=11976"},{"taxonomy":"product_cat","embeddable":true,"href":"https:\/\/adambookshop.com\/index.php?rest_route=%2Fwp%2Fv2%2Fproduct_cat&post=11976"},{"taxonomy":"product_tag","embeddable":true,"href":"https:\/\/adambookshop.com\/index.php?rest_route=%2Fwp%2Fv2%2Fproduct_tag&post=11976"}],"curies":[{"name":"wp","href":"https:\/\/api.w.org\/{rel}","templated":true}]}}